{"id":2613,"date":"2024-05-03T17:44:44","date_gmt":"2024-05-03T20:44:44","guid":{"rendered":"https:\/\/bonshop.com.br\/testes\/?post_type=product&#038;p=2613"},"modified":"2024-05-03T17:56:37","modified_gmt":"2024-05-03T20:56:37","slug":"ar-condicionado-inverter-carrier-cassete-4-vias-r-32-60-000-btus-quente-frio-220v","status":"publish","type":"product","link":"https:\/\/bonshop.com.br\/testes\/produto\/ar-condicionado-inverter-carrier-cassete-4-vias-r-32-60-000-btus-quente-frio-220v\/","title":{"rendered":"Ar-Condicionado Inverter Carrier Cassete 4 Vias R-32 60.000 Btus Quente\/Frio 220V"},"content":{"rendered":"<h2>\n<h3 style=\"font-style: normal; font-variant-ligatures: normal; font-variant-caps: normal; letter-spacing: normal;\">Expecifica\u00e7\u00f5esT\u00e9cnicas<br \/><\/h3>\n<\/h2>\n<table id=\"eael-data-table-4af15a2\">\n<thead>\n<tr>\n<th id=\"\" colspan=\"\">\n\t\t\t\t\t\t\t\t\t\t\t\t\t\tCONJUNTO<\/th>\n<th id=\"\" colspan=\"\">\n\t\t\t\t\t\t\t\t\t\t\t\t\t\t<\/th>\n<\/tr>\n<\/thead>\n<tbody>\n<tr>\n<td colspan=\"\" rowspan=\"\" id=\"\">\n<p><strong>Garantia (meses) <\/strong><\/p>\n<\/td>\n<td colspan=\"\" rowspan=\"\" id=\"\">\n\t\t\t\t\t\t\t\t\t\t\t\t12 meses\n\t\t\t\t\t\t\t\t\t\t\t<\/td>\n<\/tr>\n<tr>\n<td colspan=\"\" rowspan=\"\" id=\"\">\n<p><strong>SKU<\/strong><\/p>\n<\/td>\n<td colspan=\"\" rowspan=\"\" id=\"\">\n<p>4645<\/p>\n<\/td>\n<\/tr>\n<tr>\n<td colspan=\"\" rowspan=\"\" id=\"\">\n<p><strong>FABRICANTE<\/strong><\/p>\n<\/td>\n<td colspan=\"\" rowspan=\"\" id=\"\">\n\t\t\t\t\t\t\t\t\t\t\t\tCarrier\n\t\t\t\t\t\t\t\t\t\t\t<\/td>\n<\/tr>\n<tr>\n<td colspan=\"\" rowspan=\"\" id=\"\">\n<p><strong>CAPACIDADE<\/strong><\/p>\n<\/td>\n<td colspan=\"\" rowspan=\"\" id=\"\">\n\t\t\t\t\t\t\t\t\t\t\t\t36.000 BTUs\n\t\t\t\t\t\t\t\t\t\t\t<\/td>\n<\/tr>\n<tr>\n<td colspan=\"\" rowspan=\"\" id=\"\">\n<p><strong>G\u00c1S REFRIGERANTE<\/strong><\/p>\n<\/td>\n<td colspan=\"\" rowspan=\"\" id=\"\">\n\t\t\t\t\t\t\t\t\t\t\t\tR410-A\n\t\t\t\t\t\t\t\t\t\t\t<\/td>\n<\/tr>\n<tr>\n<td colspan=\"\" rowspan=\"\" id=\"\">\n<p><strong>\u00cdNDICE INMETRO<\/strong><\/p>\n<\/td>\n<td colspan=\"\" rowspan=\"\" id=\"\">\n\t\t\t\t\t\t\t\t\t\t\t\tSelo A (antiga classifica\u00e7\u00e3o)\n\t\t\t\t\t\t\t\t\t\t\t<\/td>\n<\/tr>\n<tr>\n<td colspan=\"\" rowspan=\"\" id=\"\">\n<p><strong>IDEAL PARA AMBIENTES DE AT\u00c9 (M\u00b2)<\/strong><\/p>\n<\/td>\n<td colspan=\"\" rowspan=\"\" id=\"\">\n\t\t\t\t\t\t\t\t\t\t\t\t&#8211;\n\t\t\t\t\t\t\t\t\t\t\t<\/td>\n<\/tr>\n<tr>\n<td colspan=\"\" rowspan=\"\" id=\"\">\n<p><strong>ALIMENTA\u00c7\u00c3O EL\u00c9TRICA (V \u2013 FASES \u2013 Hz)<\/strong><\/p>\n<\/td>\n<td colspan=\"\" rowspan=\"\" id=\"\">\n\t\t\t\t\t\t\t\t\t\t\t\t220V\/1ph\/60Hz\n\t\t\t\t\t\t\t\t\t\t\t<\/td>\n<\/tr>\n<tr>\n<td colspan=\"\" rowspan=\"\" id=\"\">\n<p><strong>POT\u00caNCIA EL\u00c9TRICA DE REFRIGERA\u00c7\u00c3O (W)<\/strong><\/p>\n<\/td>\n<td colspan=\"\" rowspan=\"\" id=\"\">\n\t\t\t\t\t\t\t\t\t\t\t\t&#8211;\n\t\t\t\t\t\t\t\t\t\t\t<\/td>\n<\/tr>\n<tr>\n<td colspan=\"\" rowspan=\"\" id=\"\">\n<p><strong>DISJUNTOR (A)<\/strong><\/p>\n<\/td>\n<td colspan=\"\" rowspan=\"\" id=\"\">\n\t\t\t\t\t\t\t\t\t\t\t\t&#8211;\n\t\t\t\t\t\t\t\t\t\t\t<\/td>\n<\/tr>\n<tr>\n<td colspan=\"\" rowspan=\"\" id=\"\">\n<p><strong>CONSUMO MENSAL* (KWH M\u00caS)<\/strong><\/p>\n<\/td>\n<td colspan=\"\" rowspan=\"\" id=\"\">\n\t\t\t\t\t\t\t\t\t\t\t\t&#8211;\n\t\t\t\t\t\t\t\t\t\t\t<\/td>\n<\/tr>\n<tr>\n<td colspan=\"\" rowspan=\"\" id=\"\">\n<p><strong>CORRENTE NOMINAL DE REFRIGERA\u00c7\u00c3O (A)<\/strong><\/p>\n<\/td>\n<td colspan=\"\" rowspan=\"\" id=\"\">\n\t\t\t\t\t\t\t\t\t\t\t\t&#8211;\n\t\t\t\t\t\t\t\t\t\t\t<\/td>\n<\/tr>\n<tr>\n<td colspan=\"\" rowspan=\"\" id=\"\">\n<p><strong>EFICI\u00caNCIA ENERG\u00c9TICA (W\/W)<\/strong><\/p>\n<\/td>\n<td colspan=\"\" rowspan=\"\" id=\"\">\n\t\t\t\t\t\t\t\t\t\t\t\t&#8211;\n\t\t\t\t\t\t\t\t\t\t\t<\/td>\n<\/tr>\n<tr>\n<td colspan=\"\" rowspan=\"\" id=\"\">\n<p><strong>CARGA DE G\u00c1S REFRIGERANTE (g)<\/strong><\/p>\n<\/td>\n<td colspan=\"\" rowspan=\"\" id=\"\">\n\t\t\t\t\t\t\t\t\t\t\t\t&#8211;\n\t\t\t\t\t\t\t\t\t\t\t<\/td>\n<\/tr>\n<tr>\n<td colspan=\"\" rowspan=\"\" id=\"\">\n<p><strong>C\u00d3DIGO DO FABRICANTE<\/strong><\/p>\n<\/td>\n<td colspan=\"\" rowspan=\"\" id=\"\">\n\t\t\t\t\t\t\t\t\t\t\t\t&#8211;\n\t\t\t\t\t\t\t\t\t\t\t<\/td>\n<\/tr>\n<tr>\n<td colspan=\"\" rowspan=\"\" id=\"\">\n<p><strong>C\u00d3DIGO EAN<\/strong><\/p>\n<\/td>\n<td colspan=\"\" rowspan=\"\" id=\"\">\n\t\t\t\t\t\t\t\t\t\t\t\t&#8211;\n\t\t\t\t\t\t\t\t\t\t\t<\/td>\n<\/tr>\n<\/tbody>\n<\/table>\n<table id=\"eael-data-table-2f5bb93\">\n<thead>\n<tr>\n<th id=\"\" colspan=\"\">\n\t\t\t\t\t\t\t\t\t\t\t\t\t\tUNIDADE INTERNA (EVAPORADORA)<\/th>\n<th id=\"\" colspan=\"\">\n\t\t\t\t\t\t\t\t\t\t\t\t\t\t<\/th>\n<\/tr>\n<\/thead>\n<tbody>\n<tr>\n<td colspan=\"\" rowspan=\"\" id=\"\">\n<p><strong>FILTRO<\/strong><\/p>\n<\/td>\n<td colspan=\"\" rowspan=\"\" id=\"\">\n\t\t\t\t\t\t\t\t\t\t\t\tFILTRO HAF 3M\n\t\t\t\t\t\t\t\t\t\t\t<\/td>\n<\/tr>\n<tr>\n<td colspan=\"\" rowspan=\"\" id=\"\">\n<p><strong>COR<\/strong><\/p>\n<\/td>\n<td colspan=\"\" rowspan=\"\" id=\"\">\n\t\t\t\t\t\t\t\t\t\t\t\tCinza\n\t\t\t\t\t\t\t\t\t\t\t<\/td>\n<\/tr>\n<tr>\n<td colspan=\"\" rowspan=\"\" id=\"\">\n<p><strong>DISPLAY DE TEMPERATURA<\/strong><\/p>\n<\/td>\n<td colspan=\"\" rowspan=\"\" id=\"\">\n\t\t\t\t\t\t\t\t\t\t\t\tSim\n\t\t\t\t\t\t\t\t\t\t\t<\/td>\n<\/tr>\n<tr>\n<td colspan=\"\" rowspan=\"\" id=\"\">\n<p><strong>CONTROLE LUMINOSO<\/strong><\/p>\n<\/td>\n<td colspan=\"\" rowspan=\"\" id=\"\">\n\t\t\t\t\t\t\t\t\t\t\t\tN\u00e3o\n\t\t\t\t\t\t\t\t\t\t\t<\/td>\n<\/tr>\n<tr>\n<td colspan=\"\" rowspan=\"\" id=\"\">\n<p><strong>FUN\u00c7\u00c3O WI-FI<\/strong><\/p>\n<\/td>\n<td colspan=\"\" rowspan=\"\" id=\"\">\n\t\t\t\t\t\t\t\t\t\t\t\t&#8211;\n\t\t\t\t\t\t\t\t\t\t\t<\/td>\n<\/tr>\n<tr>\n<td colspan=\"\" rowspan=\"\" id=\"\">\n<p><strong>N\u00cdVEL DE RU\u00cdDO M\u00cdNIMO(dBA)<\/strong><\/p>\n<\/td>\n<td colspan=\"\" rowspan=\"\" id=\"\">\n\t\t\t\t\t\t\t\t\t\t\t\t&#8211;\n\t\t\t\t\t\t\t\t\t\t\t<\/td>\n<\/tr>\n<tr>\n<td colspan=\"\" rowspan=\"\" id=\"\">\n<p><strong>N\u00cdVEL DE RU\u00cdDO M\u00c1XIMO(dBA)<\/strong><\/p>\n<\/td>\n<td colspan=\"\" rowspan=\"\" id=\"\">\n\t\t\t\t\t\t\t\t\t\t\t\t&#8211;\n\t\t\t\t\t\t\t\t\t\t\t<\/td>\n<\/tr>\n<tr>\n<td colspan=\"\" rowspan=\"\" id=\"\">\n<p><strong>PESO SEM EMBALAGEM(L\u00cdQUIDO)<\/strong><\/p>\n<\/td>\n<td colspan=\"\" rowspan=\"\" id=\"\">\n\t\t\t\t\t\t\t\t\t\t\t\t&#8211;\n\t\t\t\t\t\t\t\t\t\t\t<\/td>\n<\/tr>\n<tr>\n<td colspan=\"\" rowspan=\"\" id=\"\">\n<p><strong>PESO COM EMBALAGEM(BRUTO)<\/strong><\/p>\n<\/td>\n<td colspan=\"\" rowspan=\"\" id=\"\">\n\t\t\t\t\t\t\t\t\t\t\t\t&#8211;\n\t\t\t\t\t\t\t\t\t\t\t<\/td>\n<\/tr>\n<tr>\n<td colspan=\"\" rowspan=\"\" id=\"\">\n<p><strong>DIMENS\u00c3O SEM EMBALAGEM(LXAXP)<\/strong><\/p>\n<\/td>\n<td colspan=\"\" rowspan=\"\" id=\"\">\n\t\t\t\t\t\t\t\t\t\t\t\t&#8211;\n\t\t\t\t\t\t\t\t\t\t\t<\/td>\n<\/tr>\n<tr>\n<td colspan=\"\" rowspan=\"\" id=\"\">\n<p><strong>DIMENS\u00c3O COM EMBALAGEM(LXAXP)<\/strong><\/p>\n<\/td>\n<td colspan=\"\" rowspan=\"\" id=\"\">\n\t\t\t\t\t\t\t\t\t\t\t\t&#8211;\n\t\t\t\t\t\t\t\t\t\t\t<\/td>\n<\/tr>\n<tr>\n<td colspan=\"\" rowspan=\"\" id=\"\">\n<p><strong>C\u00d3DIGO DA EVAPORADORA<\/strong><\/p>\n<\/td>\n<td colspan=\"\" rowspan=\"\" id=\"\">\n\t\t\t\t\t\t\t\t\t\t\t\t&#8211;\n\t\t\t\t\t\t\t\t\t\t\t<\/td>\n<\/tr>\n<tr>\n<td colspan=\"\" rowspan=\"\" id=\"\">\n<p><strong>EAN DA EVAPORADORA<\/strong><\/p>\n<\/td>\n<td colspan=\"\" rowspan=\"\" id=\"\">\n\t\t\t\t\t\t\t\t\t\t\t\t&#8211;\n\t\t\t\t\t\t\t\t\t\t\t<\/td>\n<\/tr>\n<\/tbody>\n<\/table>\n<table id=\"eael-data-table-62d8843\">\n<thead>\n<tr>\n<th id=\"\" colspan=\"\">\n\t\t\t\t\t\t\t\t\t\t\t\t\t\tUNIDADE EXTERNA (CONDENSADORA)<\/th>\n<th id=\"\" colspan=\"\">\n\t\t\t\t\t\t\t\t\t\t\t\t\t\t<\/th>\n<\/tr>\n<\/thead>\n<tbody>\n<tr>\n<td colspan=\"\" rowspan=\"\" id=\"\">\n<p><strong>SERPENTINA<\/strong><\/p>\n<\/td>\n<td colspan=\"\" rowspan=\"\" id=\"\">\n\t\t\t\t\t\t\t\t\t\t\t\tSerpentina de Cobre com Tratamento Gold Fin\n\t\t\t\t\t\t\t\t\t\t\t<\/td>\n<\/tr>\n<tr>\n<td colspan=\"\" rowspan=\"\" id=\"\">\n<p><strong>COR<\/strong><\/p>\n<\/td>\n<td colspan=\"\" rowspan=\"\" id=\"\">\n\t\t\t\t\t\t\t\t\t\t\t\tCinza\n\t\t\t\t\t\t\t\t\t\t\t<\/td>\n<\/tr>\n<tr>\n<td colspan=\"\" rowspan=\"\" id=\"\">\n<p><strong>COMPRESSOR<\/strong><\/p>\n<\/td>\n<td colspan=\"\" rowspan=\"\" id=\"\">\n\t\t\t\t\t\t\t\t\t\t\t\tDual Inverter\n\t\t\t\t\t\t\t\t\t\t\t<\/td>\n<\/tr>\n<tr>\n<td colspan=\"\" rowspan=\"\" id=\"\">\n<p><strong>PESO SEM EMBALAGEM (L\u00cdQUIDO)<\/strong><\/p>\n<\/td>\n<td colspan=\"\" rowspan=\"\" id=\"\">\n\t\t\t\t\t\t\t\t\t\t\t\t&#8211;\n\t\t\t\t\t\t\t\t\t\t\t<\/td>\n<\/tr>\n<tr>\n<td colspan=\"\" rowspan=\"\" id=\"\">\n<p><strong>PESO COM EMBALAGEM (BRUTO)<\/strong><\/p>\n<\/td>\n<td colspan=\"\" rowspan=\"\" id=\"\">\n\t\t\t\t\t\t\t\t\t\t\t\t&#8211;\n\t\t\t\t\t\t\t\t\t\t\t<\/td>\n<\/tr>\n<tr>\n<td colspan=\"\" rowspan=\"\" id=\"\">\n<p><strong>DIMENS\u00c3O SEM EMBALAGEM (L X A X P)<\/strong><\/p>\n<\/td>\n<td colspan=\"\" rowspan=\"\" id=\"\">\n\t\t\t\t\t\t\t\t\t\t\t\t&#8211;\n\t\t\t\t\t\t\t\t\t\t\t<\/td>\n<\/tr>\n<tr>\n<td colspan=\"\" rowspan=\"\" id=\"\">\n<p><strong>PESO SEM EMBALAGEM(L\u00cdQUIDO)<\/strong><\/p>\n<\/td>\n<td colspan=\"\" rowspan=\"\" id=\"\">\n\t\t\t\t\t\t\t\t\t\t\t\t&#8211;\n\t\t\t\t\t\t\t\t\t\t\t<\/td>\n<\/tr>\n<tr>\n<td colspan=\"\" rowspan=\"\" id=\"\">\n<p><strong>PESO COM EMBALAGEM(BRUTO)<\/strong><\/p>\n<\/td>\n<td colspan=\"\" rowspan=\"\" id=\"\">\n\t\t\t\t\t\t\t\t\t\t\t\t&#8211;\n\t\t\t\t\t\t\t\t\t\t\t<\/td>\n<\/tr>\n<tr>\n<td colspan=\"\" rowspan=\"\" id=\"\">\n<p><strong>N\u00cdVEL DE RU\u00cdDO M\u00cdNIMO (DBA)<\/strong><\/p>\n<\/td>\n<td colspan=\"\" rowspan=\"\" id=\"\">\n\t\t\t\t\t\t\t\t\t\t\t\t&#8211;\n\t\t\t\t\t\t\t\t\t\t\t<\/td>\n<\/tr>\n<tr>\n<td colspan=\"\" rowspan=\"\" id=\"\">\n<p><strong>N\u00cdVEL DE RU\u00cdDO M\u00c1XIMO (DBA)<\/strong><\/p>\n<\/td>\n<td colspan=\"\" rowspan=\"\" id=\"\">\n\t\t\t\t\t\t\t\t\t\t\t\t&#8211;\n\t\t\t\t\t\t\t\t\t\t\t<\/td>\n<\/tr>\n<tr>\n<td colspan=\"\" rowspan=\"\" id=\"\">\n<p><strong>DESN\u00cdVEL M\u00c1XIMO DE UNIDADES (M)<\/strong><\/p>\n<\/td>\n<td colspan=\"\" rowspan=\"\" id=\"\">\n\t\t\t\t\t\t\t\t\t\t\t\t&#8211;\n\t\t\t\t\t\t\t\t\t\t\t<\/td>\n<\/tr>\n<tr>\n<td colspan=\"\" rowspan=\"\" id=\"\">\n<p><strong>COMPRIMENTO M\u00c1XIMO DA TUBULA\u00c7\u00c3O (M)<\/strong><\/p>\n<\/td>\n<td colspan=\"\" rowspan=\"\" id=\"\">\n\t\t\t\t\t\t\t\t\t\t\t\t&#8211;\n\t\t\t\t\t\t\t\t\t\t\t<\/td>\n<\/tr>\n<tr>\n<td colspan=\"\" rowspan=\"\" id=\"\">\n<p><strong>FAIXA DE OPERA\u00c7\u00c3O (RESFRIAMENTO) C\u00ad\u00b0<\/strong><\/p>\n<\/td>\n<td colspan=\"\" rowspan=\"\" id=\"\">\n\t\t\t\t\t\t\t\t\t\t\t\t&#8211;\n\t\t\t\t\t\t\t\t\t\t\t<\/td>\n<\/tr>\n<tr>\n<td colspan=\"\" rowspan=\"\" id=\"\">\n<p><strong>FAIXA DE OPERA\u00c7\u00c3O (AQUECIMENTO) C\u00ba<\/strong><\/p>\n<\/td>\n<td colspan=\"\" rowspan=\"\" id=\"\">\n\t\t\t\t\t\t\t\t\t\t\t\t&#8211;\n\t\t\t\t\t\t\t\t\t\t\t<\/td>\n<\/tr>\n<tr>\n<td colspan=\"\" rowspan=\"\" id=\"\">\n<p><strong>CONEX\u00c3O DE TUBULA\u00c7\u00c3O (LIQUIDO)<\/strong><\/p>\n<\/td>\n<td colspan=\"\" rowspan=\"\" id=\"\">\n\t\t\t\t\t\t\t\t\t\t\t\t&#8211;\n\t\t\t\t\t\t\t\t\t\t\t<\/td>\n<\/tr>\n<tr>\n<td colspan=\"\" rowspan=\"\" id=\"\">\n\t\t\t\t\t\t\t\t\t\t\t\t<strong>CONEX\u00c3O DE TUBULA\u00c7\u00c3O (SUC\u00c7\u00c3O)<\/strong>\n\t\t\t\t\t\t\t\t\t\t\t<\/td>\n<td colspan=\"\" rowspan=\"\" id=\"\">\n\t\t\t\t\t\t\t\t\t\t\t\t&#8211;\n\t\t\t\t\t\t\t\t\t\t\t<\/td>\n<\/tr>\n<tr>\n<td colspan=\"\" rowspan=\"\" id=\"\">\n<p><strong>CONEX\u00c3O DE TUBULA\u00c7\u00c3O (DRENO INTERNO)<\/strong><\/p>\n<\/td>\n<td colspan=\"\" rowspan=\"\" id=\"\">\n\t\t\t\t\t\t\t\t\t\t\t\t&#8211;\n\t\t\t\t\t\t\t\t\t\t\t<\/td>\n<\/tr>\n<tr>\n<td colspan=\"\" rowspan=\"\" id=\"\">\n<p><strong>CONEX\u00c3O DE TUBULA\u00c7\u00c3O (DRENO EXTERNO)<\/strong><\/p>\n<\/td>\n<td colspan=\"\" rowspan=\"\" id=\"\">\n\t\t\t\t\t\t\t\t\t\t\t\t&#8211;\n\t\t\t\t\t\t\t\t\t\t\t<\/td>\n<\/tr>\n<tr>\n<td colspan=\"\" rowspan=\"\" id=\"\">\n<p><strong>C\u00d3DIGO DA CONDENSADORA<\/strong><\/p>\n<\/td>\n<td colspan=\"\" rowspan=\"\" id=\"\">\n\t\t\t\t\t\t\t\t\t\t\t\t&#8211;\n\t\t\t\t\t\t\t\t\t\t\t<\/td>\n<\/tr>\n<tr>\n<td colspan=\"\" rowspan=\"\" id=\"\">\n<p><strong>EAN DA CONDENSADORA<\/strong><\/p>\n<\/td>\n<td colspan=\"\" rowspan=\"\" id=\"\">\n\t\t\t\t\t\t\t\t\t\t\t\t&#8211;\n\t\t\t\t\t\t\t\t\t\t\t<\/td>\n<\/tr>\n<\/tbody>\n<\/table>\n","protected":false},"excerpt":{"rendered":"<ol>\n<li>\n<div class=\"h6\">Climatiza grandes ambientes residenciais.<\/div>\n<\/li>\n<li>\n<div class=\"h6\">Economia e sustentabilidade.<\/div>\n<\/li>\n<li>\u00d3tima integra\u00e7\u00e3o arquitet\u00f4nica.<\/li>\n<\/ol>\n","protected":false},"featured_media":2722,"comment_status":"closed","ping_status":"closed","template":"","meta":{"_joinchat":[]},"product_brand":[],"product_cat":[54,71,43,74,69,70,61,57],"product_tag":[],"class_list":{"0":"post-2613","1":"product","2":"type-product","3":"status-publish","4":"has-post-thumbnail","6":"product_cat-220v","7":"product_cat-36-000-btus","8":"product_cat-ar-condicionado","9":"product_cat-carrier","10":"product_cat-cassete","11":"product_cat-cassete-inverter","12":"product_cat-ecologico-r-32","13":"product_cat-quente-e-frio","15":"first","16":"instock","17":"shipping-taxable","18":"product-type-simple"},"yoast_head":"<!-- This site is optimized with the Yoast SEO Premium plugin v24.1 (Yoast SEO v27.4) - https:\/\/yoast.com\/product\/yoast-seo-premium-wordpress\/ -->\n<title>Ar-Condicionado Inverter Carrier Cassete 4 Vias R-32 60.000 Btus Quente\/Frio 220V - Bonshop - O seu melhor parceiro<\/title>\n<meta name=\"robots\" content=\"index, follow, max-snippet:-1, max-image-preview:large, max-video-preview:-1\" \/>\n<meta property=\"og:locale\" content=\"pt_BR\" \/>\n<meta property=\"og:type\" content=\"article\" \/>\n<meta property=\"og:title\" content=\"Ar-Condicionado Inverter Carrier Cassete 4 Vias R-32 60.000 Btus Quente\/Frio 220V\" \/>\n<meta property=\"og:description\" content=\"Climatiza grandes ambientes residenciais.   Economia e sustentabilidade.  \u00d3tima integra\u00e7\u00e3o arquitet\u00f4nica.\" \/>\n<meta property=\"og:url\" content=\"https:\/\/bonshop.com.br\/testes\/produto\/ar-condicionado-inverter-carrier-cassete-4-vias-r-32-60-000-btus-quente-frio-220v\/\" \/>\n<meta property=\"og:site_name\" content=\"Bonshop - O seu melhor parceiro\" \/>\n<meta property=\"article:publisher\" content=\"https:\/\/www.facebook.com\/unisarcondicionado1\" \/>\n<meta property=\"article:modified_time\" content=\"2024-05-03T20:56:37+00:00\" \/>\n<meta property=\"og:image\" content=\"https:\/\/bonshop.com.br\/testes\/wp-content\/uploads\/2024\/05\/cassete-4-vias-carrier-inverter-r32-60k-evap.png\" \/>\n\t<meta property=\"og:image:width\" content=\"1000\" \/>\n\t<meta property=\"og:image:height\" content=\"592\" \/>\n\t<meta property=\"og:image:type\" content=\"image\/png\" \/>\n<meta name=\"twitter:card\" content=\"summary_large_image\" \/>\n<meta name=\"twitter:label1\" content=\"Est. tempo de leitura\" \/>\n\t<meta name=\"twitter:data1\" content=\"2 minutos\" \/>\n<script type=\"application\/ld+json\" class=\"yoast-schema-graph\">{\"@context\":\"https:\\\/\\\/schema.org\",\"@graph\":[{\"@type\":\"WebPage\",\"@id\":\"https:\\\/\\\/bonshop.com.br\\\/testes\\\/produto\\\/ar-condicionado-inverter-carrier-cassete-4-vias-r-32-60-000-btus-quente-frio-220v\\\/\",\"url\":\"https:\\\/\\\/bonshop.com.br\\\/testes\\\/produto\\\/ar-condicionado-inverter-carrier-cassete-4-vias-r-32-60-000-btus-quente-frio-220v\\\/\",\"name\":\"Ar-Condicionado Inverter Carrier Cassete 4 Vias R-32 60.000 Btus Quente\\\/Frio 220V - Bonshop - O seu melhor parceiro\",\"isPartOf\":{\"@id\":\"https:\\\/\\\/bonshop.com.br\\\/testes\\\/#website\"},\"primaryImageOfPage\":{\"@id\":\"https:\\\/\\\/bonshop.com.br\\\/testes\\\/produto\\\/ar-condicionado-inverter-carrier-cassete-4-vias-r-32-60-000-btus-quente-frio-220v\\\/#primaryimage\"},\"image\":{\"@id\":\"https:\\\/\\\/bonshop.com.br\\\/testes\\\/produto\\\/ar-condicionado-inverter-carrier-cassete-4-vias-r-32-60-000-btus-quente-frio-220v\\\/#primaryimage\"},\"thumbnailUrl\":\"https:\\\/\\\/bonshop.com.br\\\/testes\\\/wp-content\\\/uploads\\\/2024\\\/05\\\/cassete-4-vias-carrier-inverter-r32-60k-evap.png\",\"datePublished\":\"2024-05-03T20:44:44+00:00\",\"dateModified\":\"2024-05-03T20:56:37+00:00\",\"breadcrumb\":{\"@id\":\"https:\\\/\\\/bonshop.com.br\\\/testes\\\/produto\\\/ar-condicionado-inverter-carrier-cassete-4-vias-r-32-60-000-btus-quente-frio-220v\\\/#breadcrumb\"},\"inLanguage\":\"pt-BR\",\"potentialAction\":[{\"@type\":\"ReadAction\",\"target\":[\"https:\\\/\\\/bonshop.com.br\\\/testes\\\/produto\\\/ar-condicionado-inverter-carrier-cassete-4-vias-r-32-60-000-btus-quente-frio-220v\\\/\"]}]},{\"@type\":\"ImageObject\",\"inLanguage\":\"pt-BR\",\"@id\":\"https:\\\/\\\/bonshop.com.br\\\/testes\\\/produto\\\/ar-condicionado-inverter-carrier-cassete-4-vias-r-32-60-000-btus-quente-frio-220v\\\/#primaryimage\",\"url\":\"https:\\\/\\\/bonshop.com.br\\\/testes\\\/wp-content\\\/uploads\\\/2024\\\/05\\\/cassete-4-vias-carrier-inverter-r32-60k-evap.png\",\"contentUrl\":\"https:\\\/\\\/bonshop.com.br\\\/testes\\\/wp-content\\\/uploads\\\/2024\\\/05\\\/cassete-4-vias-carrier-inverter-r32-60k-evap.png\",\"width\":1000,\"height\":592},{\"@type\":\"BreadcrumbList\",\"@id\":\"https:\\\/\\\/bonshop.com.br\\\/testes\\\/produto\\\/ar-condicionado-inverter-carrier-cassete-4-vias-r-32-60-000-btus-quente-frio-220v\\\/#breadcrumb\",\"itemListElement\":[{\"@type\":\"ListItem\",\"position\":1,\"name\":\"In\u00edcio\",\"item\":\"https:\\\/\\\/bonshop.com.br\\\/testes\\\/\"},{\"@type\":\"ListItem\",\"position\":2,\"name\":\"Loja\",\"item\":\"https:\\\/\\\/bonshop.com.br\\\/testes\\\/loja\\\/\"},{\"@type\":\"ListItem\",\"position\":3,\"name\":\"Ar-Condicionado Inverter Carrier Cassete 4 Vias R-32 60.000 Btus Quente\\\/Frio 220V\"}]},{\"@type\":\"WebSite\",\"@id\":\"https:\\\/\\\/bonshop.com.br\\\/testes\\\/#website\",\"url\":\"https:\\\/\\\/bonshop.com.br\\\/testes\\\/\",\"name\":\"Bonshop - O seu melhor parceiro\",\"description\":\"Ar-condicionado\",\"publisher\":{\"@id\":\"https:\\\/\\\/bonshop.com.br\\\/testes\\\/#organization\"},\"potentialAction\":[{\"@type\":\"SearchAction\",\"target\":{\"@type\":\"EntryPoint\",\"urlTemplate\":\"https:\\\/\\\/bonshop.com.br\\\/testes\\\/?s={search_term_string}\"},\"query-input\":{\"@type\":\"PropertyValueSpecification\",\"valueRequired\":true,\"valueName\":\"search_term_string\"}}],\"inLanguage\":\"pt-BR\"},{\"@type\":\"Organization\",\"@id\":\"https:\\\/\\\/bonshop.com.br\\\/testes\\\/#organization\",\"name\":\"Bonshop - O seu melhor parceiro\",\"url\":\"https:\\\/\\\/bonshop.com.br\\\/testes\\\/\",\"logo\":{\"@type\":\"ImageObject\",\"inLanguage\":\"pt-BR\",\"@id\":\"https:\\\/\\\/bonshop.com.br\\\/testes\\\/#\\\/schema\\\/logo\\\/image\\\/\",\"url\":\"https:\\\/\\\/bonshop.com.br\\\/testes\\\/wp-content\\\/uploads\\\/2022\\\/08\\\/logo-unis-retina.png\",\"contentUrl\":\"https:\\\/\\\/bonshop.com.br\\\/testes\\\/wp-content\\\/uploads\\\/2022\\\/08\\\/logo-unis-retina.png\",\"width\":394,\"height\":110,\"caption\":\"Bonshop - O seu melhor parceiro\"},\"image\":{\"@id\":\"https:\\\/\\\/bonshop.com.br\\\/testes\\\/#\\\/schema\\\/logo\\\/image\\\/\"},\"sameAs\":[\"https:\\\/\\\/www.facebook.com\\\/unisarcondicionado1\",\"https:\\\/\\\/www.instagram.com\\\/unisarcondicionado\\\/\"]}]}<\/script>\n<!-- \/ Yoast SEO Premium plugin. -->","yoast_head_json":{"title":"Ar-Condicionado Inverter Carrier Cassete 4 Vias R-32 60.000 Btus Quente\/Frio 220V - Bonshop - O seu melhor parceiro","robots":{"index":"index","follow":"follow","max-snippet":"max-snippet:-1","max-image-preview":"max-image-preview:large","max-video-preview":"max-video-preview:-1"},"og_locale":"pt_BR","og_type":"article","og_title":"Ar-Condicionado Inverter Carrier Cassete 4 Vias R-32 60.000 Btus Quente\/Frio 220V","og_description":"Climatiza grandes ambientes residenciais.   Economia e sustentabilidade.  \u00d3tima integra\u00e7\u00e3o arquitet\u00f4nica.","og_url":"https:\/\/bonshop.com.br\/testes\/produto\/ar-condicionado-inverter-carrier-cassete-4-vias-r-32-60-000-btus-quente-frio-220v\/","og_site_name":"Bonshop - O seu melhor parceiro","article_publisher":"https:\/\/www.facebook.com\/unisarcondicionado1","article_modified_time":"2024-05-03T20:56:37+00:00","og_image":[{"width":1000,"height":592,"url":"https:\/\/bonshop.com.br\/testes\/wp-content\/uploads\/2024\/05\/cassete-4-vias-carrier-inverter-r32-60k-evap.png","type":"image\/png"}],"twitter_card":"summary_large_image","twitter_misc":{"Est. tempo de leitura":"2 minutos"},"schema":{"@context":"https:\/\/schema.org","@graph":[{"@type":"WebPage","@id":"https:\/\/bonshop.com.br\/testes\/produto\/ar-condicionado-inverter-carrier-cassete-4-vias-r-32-60-000-btus-quente-frio-220v\/","url":"https:\/\/bonshop.com.br\/testes\/produto\/ar-condicionado-inverter-carrier-cassete-4-vias-r-32-60-000-btus-quente-frio-220v\/","name":"Ar-Condicionado Inverter Carrier Cassete 4 Vias R-32 60.000 Btus Quente\/Frio 220V - Bonshop - O seu melhor parceiro","isPartOf":{"@id":"https:\/\/bonshop.com.br\/testes\/#website"},"primaryImageOfPage":{"@id":"https:\/\/bonshop.com.br\/testes\/produto\/ar-condicionado-inverter-carrier-cassete-4-vias-r-32-60-000-btus-quente-frio-220v\/#primaryimage"},"image":{"@id":"https:\/\/bonshop.com.br\/testes\/produto\/ar-condicionado-inverter-carrier-cassete-4-vias-r-32-60-000-btus-quente-frio-220v\/#primaryimage"},"thumbnailUrl":"https:\/\/bonshop.com.br\/testes\/wp-content\/uploads\/2024\/05\/cassete-4-vias-carrier-inverter-r32-60k-evap.png","datePublished":"2024-05-03T20:44:44+00:00","dateModified":"2024-05-03T20:56:37+00:00","breadcrumb":{"@id":"https:\/\/bonshop.com.br\/testes\/produto\/ar-condicionado-inverter-carrier-cassete-4-vias-r-32-60-000-btus-quente-frio-220v\/#breadcrumb"},"inLanguage":"pt-BR","potentialAction":[{"@type":"ReadAction","target":["https:\/\/bonshop.com.br\/testes\/produto\/ar-condicionado-inverter-carrier-cassete-4-vias-r-32-60-000-btus-quente-frio-220v\/"]}]},{"@type":"ImageObject","inLanguage":"pt-BR","@id":"https:\/\/bonshop.com.br\/testes\/produto\/ar-condicionado-inverter-carrier-cassete-4-vias-r-32-60-000-btus-quente-frio-220v\/#primaryimage","url":"https:\/\/bonshop.com.br\/testes\/wp-content\/uploads\/2024\/05\/cassete-4-vias-carrier-inverter-r32-60k-evap.png","contentUrl":"https:\/\/bonshop.com.br\/testes\/wp-content\/uploads\/2024\/05\/cassete-4-vias-carrier-inverter-r32-60k-evap.png","width":1000,"height":592},{"@type":"BreadcrumbList","@id":"https:\/\/bonshop.com.br\/testes\/produto\/ar-condicionado-inverter-carrier-cassete-4-vias-r-32-60-000-btus-quente-frio-220v\/#breadcrumb","itemListElement":[{"@type":"ListItem","position":1,"name":"In\u00edcio","item":"https:\/\/bonshop.com.br\/testes\/"},{"@type":"ListItem","position":2,"name":"Loja","item":"https:\/\/bonshop.com.br\/testes\/loja\/"},{"@type":"ListItem","position":3,"name":"Ar-Condicionado Inverter Carrier Cassete 4 Vias R-32 60.000 Btus Quente\/Frio 220V"}]},{"@type":"WebSite","@id":"https:\/\/bonshop.com.br\/testes\/#website","url":"https:\/\/bonshop.com.br\/testes\/","name":"Bonshop - O seu melhor parceiro","description":"Ar-condicionado","publisher":{"@id":"https:\/\/bonshop.com.br\/testes\/#organization"},"potentialAction":[{"@type":"SearchAction","target":{"@type":"EntryPoint","urlTemplate":"https:\/\/bonshop.com.br\/testes\/?s={search_term_string}"},"query-input":{"@type":"PropertyValueSpecification","valueRequired":true,"valueName":"search_term_string"}}],"inLanguage":"pt-BR"},{"@type":"Organization","@id":"https:\/\/bonshop.com.br\/testes\/#organization","name":"Bonshop - O seu melhor parceiro","url":"https:\/\/bonshop.com.br\/testes\/","logo":{"@type":"ImageObject","inLanguage":"pt-BR","@id":"https:\/\/bonshop.com.br\/testes\/#\/schema\/logo\/image\/","url":"https:\/\/bonshop.com.br\/testes\/wp-content\/uploads\/2022\/08\/logo-unis-retina.png","contentUrl":"https:\/\/bonshop.com.br\/testes\/wp-content\/uploads\/2022\/08\/logo-unis-retina.png","width":394,"height":110,"caption":"Bonshop - O seu melhor parceiro"},"image":{"@id":"https:\/\/bonshop.com.br\/testes\/#\/schema\/logo\/image\/"},"sameAs":["https:\/\/www.facebook.com\/unisarcondicionado1","https:\/\/www.instagram.com\/unisarcondicionado\/"]}]}},"_links":{"self":[{"href":"https:\/\/bonshop.com.br\/testes\/wp-json\/wp\/v2\/product\/2613","targetHints":{"allow":["GET"]}}],"collection":[{"href":"https:\/\/bonshop.com.br\/testes\/wp-json\/wp\/v2\/product"}],"about":[{"href":"https:\/\/bonshop.com.br\/testes\/wp-json\/wp\/v2\/types\/product"}],"replies":[{"embeddable":true,"href":"https:\/\/bonshop.com.br\/testes\/wp-json\/wp\/v2\/comments?post=2613"}],"version-history":[{"count":1,"href":"https:\/\/bonshop.com.br\/testes\/wp-json\/wp\/v2\/product\/2613\/revisions"}],"predecessor-version":[{"id":2724,"href":"https:\/\/bonshop.com.br\/testes\/wp-json\/wp\/v2\/product\/2613\/revisions\/2724"}],"wp:featuredmedia":[{"embeddable":true,"href":"https:\/\/bonshop.com.br\/testes\/wp-json\/wp\/v2\/media\/2722"}],"wp:attachment":[{"href":"https:\/\/bonshop.com.br\/testes\/wp-json\/wp\/v2\/media?parent=2613"}],"wp:term":[{"taxonomy":"product_brand","embeddable":true,"href":"https:\/\/bonshop.com.br\/testes\/wp-json\/wp\/v2\/product_brand?post=2613"},{"taxonomy":"product_cat","embeddable":true,"href":"https:\/\/bonshop.com.br\/testes\/wp-json\/wp\/v2\/product_cat?post=2613"},{"taxonomy":"product_tag","embeddable":true,"href":"https:\/\/bonshop.com.br\/testes\/wp-json\/wp\/v2\/product_tag?post=2613"}],"curies":[{"name":"wp","href":"https:\/\/api.w.org\/{rel}","templated":true}]}}