{"id":2481,"date":"2024-05-03T17:30:26","date_gmt":"2024-05-03T20:30:26","guid":{"rendered":"https:\/\/bonshop.com.br\/testes\/?post_type=product&#038;p=2481"},"modified":"2024-05-03T17:34:57","modified_gmt":"2024-05-03T20:34:57","slug":"ar-condicionado-inverter-springer-midea-xtreme-save-connect-12000-btus-quente-frio-220v-r-32","status":"publish","type":"product","link":"https:\/\/bonshop.com.br\/testes\/produto\/ar-condicionado-inverter-springer-midea-xtreme-save-connect-12000-btus-quente-frio-220v-r-32\/","title":{"rendered":"Ar-Condicionado Inverter Springer Midea Xtreme Save Connect 12000 Btus Quente\/Frio 220V R-32"},"content":{"rendered":"<h3 style=\"font-style: normal; font-variant-ligatures: normal; font-variant-caps: normal; letter-spacing: normal;\">Expecifica\u00e7\u00f5esT\u00e9cnicas<\/h3>\n<table id=\"eael-data-table-4af15a2\">\n<thead>\n<tr>\n<th id=\"\" colspan=\"\">CONJUNTO<\/th>\n<th id=\"\" colspan=\"\"><\/th>\n<\/tr>\n<\/thead>\n<tbody>\n<tr>\n<td id=\"\" colspan=\"\" rowspan=\"\"><strong>Garantia (meses) <\/strong><\/td>\n<td id=\"\" colspan=\"\" rowspan=\"\">12 meses<\/td>\n<\/tr>\n<tr>\n<td id=\"\" colspan=\"\" rowspan=\"\"><strong>SKU<\/strong><\/td>\n<td id=\"\" colspan=\"\" rowspan=\"\">41903<\/td>\n<\/tr>\n<tr>\n<td id=\"\" colspan=\"\" rowspan=\"\"><strong>FABRICANTE<\/strong><\/td>\n<td id=\"\" colspan=\"\" rowspan=\"\">Midea<\/td>\n<\/tr>\n<tr>\n<td id=\"\" colspan=\"\" rowspan=\"\"><strong>CAPACIDADE<\/strong><\/td>\n<td id=\"\" colspan=\"\" rowspan=\"\">12.000 BTUs<\/td>\n<\/tr>\n<tr>\n<td id=\"\" colspan=\"\" rowspan=\"\"><strong>G\u00c1S REFRIGERANTE<\/strong><\/td>\n<td id=\"\" colspan=\"\" rowspan=\"\">R410-A<\/td>\n<\/tr>\n<tr>\n<td id=\"\" colspan=\"\" rowspan=\"\"><strong>\u00cdNDICE INMETRO<\/strong><\/td>\n<td id=\"\" colspan=\"\" rowspan=\"\">Selo A (antiga classifica\u00e7\u00e3o)<\/td>\n<\/tr>\n<tr>\n<td id=\"\" colspan=\"\" rowspan=\"\"><strong>IDEAL PARA AMBIENTES DE AT\u00c9 (M\u00b2)<\/strong><\/td>\n<td id=\"\" colspan=\"\" rowspan=\"\">&#8211;<\/td>\n<\/tr>\n<tr>\n<td id=\"\" colspan=\"\" rowspan=\"\"><strong>ALIMENTA\u00c7\u00c3O EL\u00c9TRICA (V \u2013 FASES \u2013 Hz)<\/strong><\/td>\n<td id=\"\" colspan=\"\" rowspan=\"\">220V\/1ph\/60Hz<\/td>\n<\/tr>\n<tr>\n<td id=\"\" colspan=\"\" rowspan=\"\"><strong>POT\u00caNCIA EL\u00c9TRICA DE REFRIGERA\u00c7\u00c3O (W)<\/strong><\/td>\n<td id=\"\" colspan=\"\" rowspan=\"\">&#8211;<\/td>\n<\/tr>\n<tr>\n<td id=\"\" colspan=\"\" rowspan=\"\"><strong>DISJUNTOR (A)<\/strong><\/td>\n<td id=\"\" colspan=\"\" rowspan=\"\">&#8211;<\/td>\n<\/tr>\n<tr>\n<td id=\"\" colspan=\"\" rowspan=\"\"><strong>CONSUMO MENSAL* (KWH M\u00caS)<\/strong><\/td>\n<td id=\"\" colspan=\"\" rowspan=\"\">&#8211;<\/td>\n<\/tr>\n<tr>\n<td id=\"\" colspan=\"\" rowspan=\"\"><strong>CORRENTE NOMINAL DE REFRIGERA\u00c7\u00c3O (A)<\/strong><\/td>\n<td id=\"\" colspan=\"\" rowspan=\"\">&#8211;<\/td>\n<\/tr>\n<tr>\n<td id=\"\" colspan=\"\" rowspan=\"\"><strong>EFICI\u00caNCIA ENERG\u00c9TICA (W\/W)<\/strong><\/td>\n<td id=\"\" colspan=\"\" rowspan=\"\">&#8211;<\/td>\n<\/tr>\n<tr>\n<td id=\"\" colspan=\"\" rowspan=\"\"><strong>CARGA DE G\u00c1S REFRIGERANTE (g)<\/strong><\/td>\n<td id=\"\" colspan=\"\" rowspan=\"\">&#8211;<\/td>\n<\/tr>\n<tr>\n<td id=\"\" colspan=\"\" rowspan=\"\"><strong>C\u00d3DIGO DO FABRICANTE<\/strong><\/td>\n<td id=\"\" colspan=\"\" rowspan=\"\">&#8211;<\/td>\n<\/tr>\n<tr>\n<td id=\"\" colspan=\"\" rowspan=\"\"><strong>C\u00d3DIGO EAN<\/strong><\/td>\n<td id=\"\" colspan=\"\" rowspan=\"\">&#8211;<\/td>\n<\/tr>\n<\/tbody>\n<\/table>\n<table id=\"eael-data-table-2f5bb93\">\n<thead>\n<tr>\n<th id=\"\" colspan=\"\">UNIDADE INTERNA (EVAPORADORA)<\/th>\n<th id=\"\" colspan=\"\"><\/th>\n<\/tr>\n<\/thead>\n<tbody>\n<tr>\n<td id=\"\" colspan=\"\" rowspan=\"\"><strong>FILTRO<\/strong><\/td>\n<td id=\"\" colspan=\"\" rowspan=\"\">FILTRO HAF 3M<\/td>\n<\/tr>\n<tr>\n<td id=\"\" colspan=\"\" rowspan=\"\"><strong>COR<\/strong><\/td>\n<td id=\"\" colspan=\"\" rowspan=\"\">Cinza<\/td>\n<\/tr>\n<tr>\n<td id=\"\" colspan=\"\" rowspan=\"\"><strong>DISPLAY DE TEMPERATURA<\/strong><\/td>\n<td id=\"\" colspan=\"\" rowspan=\"\">Sim<\/td>\n<\/tr>\n<tr>\n<td id=\"\" colspan=\"\" rowspan=\"\"><strong>CONTROLE LUMINOSO<\/strong><\/td>\n<td id=\"\" colspan=\"\" rowspan=\"\">N\u00e3o<\/td>\n<\/tr>\n<tr>\n<td id=\"\" colspan=\"\" rowspan=\"\"><strong>FUN\u00c7\u00c3O WI-FI<\/strong><\/td>\n<td id=\"\" colspan=\"\" rowspan=\"\">&#8211;<\/td>\n<\/tr>\n<tr>\n<td id=\"\" colspan=\"\" rowspan=\"\"><strong>N\u00cdVEL DE RU\u00cdDO M\u00cdNIMO(dBA)<\/strong><\/td>\n<td id=\"\" colspan=\"\" rowspan=\"\">&#8211;<\/td>\n<\/tr>\n<tr>\n<td id=\"\" colspan=\"\" rowspan=\"\"><strong>N\u00cdVEL DE RU\u00cdDO M\u00c1XIMO(dBA)<\/strong><\/td>\n<td id=\"\" colspan=\"\" rowspan=\"\">&#8211;<\/td>\n<\/tr>\n<tr>\n<td id=\"\" colspan=\"\" rowspan=\"\"><strong>PESO SEM EMBALAGEM(L\u00cdQUIDO)<\/strong><\/td>\n<td id=\"\" colspan=\"\" rowspan=\"\">&#8211;<\/td>\n<\/tr>\n<tr>\n<td id=\"\" colspan=\"\" rowspan=\"\"><strong>PESO COM EMBALAGEM(BRUTO)<\/strong><\/td>\n<td id=\"\" colspan=\"\" rowspan=\"\">&#8211;<\/td>\n<\/tr>\n<tr>\n<td id=\"\" colspan=\"\" rowspan=\"\"><strong>DIMENS\u00c3O SEM EMBALAGEM(LXAXP)<\/strong><\/td>\n<td id=\"\" colspan=\"\" rowspan=\"\">&#8211;<\/td>\n<\/tr>\n<tr>\n<td id=\"\" colspan=\"\" rowspan=\"\"><strong>DIMENS\u00c3O COM EMBALAGEM(LXAXP)<\/strong><\/td>\n<td id=\"\" colspan=\"\" rowspan=\"\">&#8211;<\/td>\n<\/tr>\n<tr>\n<td id=\"\" colspan=\"\" rowspan=\"\"><strong>C\u00d3DIGO DA EVAPORADORA<\/strong><\/td>\n<td id=\"\" colspan=\"\" rowspan=\"\">&#8211;<\/td>\n<\/tr>\n<tr>\n<td id=\"\" colspan=\"\" rowspan=\"\"><strong>EAN DA EVAPORADORA<\/strong><\/td>\n<td id=\"\" colspan=\"\" rowspan=\"\">&#8211;<\/td>\n<\/tr>\n<\/tbody>\n<\/table>\n<table id=\"eael-data-table-62d8843\">\n<thead>\n<tr>\n<th id=\"\" colspan=\"\">UNIDADE EXTERNA (CONDENSADORA)<\/th>\n<th id=\"\" colspan=\"\"><\/th>\n<\/tr>\n<\/thead>\n<tbody>\n<tr>\n<td id=\"\" colspan=\"\" rowspan=\"\"><strong>SERPENTINA<\/strong><\/td>\n<td id=\"\" colspan=\"\" rowspan=\"\">Serpentina de Cobre com Tratamento Gold Fin<\/td>\n<\/tr>\n<tr>\n<td id=\"\" colspan=\"\" rowspan=\"\"><strong>COR<\/strong><\/td>\n<td id=\"\" colspan=\"\" rowspan=\"\">Cinza<\/td>\n<\/tr>\n<tr>\n<td id=\"\" colspan=\"\" rowspan=\"\"><strong>COMPRESSOR<\/strong><\/td>\n<td id=\"\" colspan=\"\" rowspan=\"\">Dual Inverter<\/td>\n<\/tr>\n<tr>\n<td id=\"\" colspan=\"\" rowspan=\"\"><strong>PESO SEM EMBALAGEM (L\u00cdQUIDO)<\/strong><\/td>\n<td id=\"\" colspan=\"\" rowspan=\"\">&#8211;<\/td>\n<\/tr>\n<tr>\n<td id=\"\" colspan=\"\" rowspan=\"\"><strong>PESO COM EMBALAGEM (BRUTO)<\/strong><\/td>\n<td id=\"\" colspan=\"\" rowspan=\"\">&#8211;<\/td>\n<\/tr>\n<tr>\n<td id=\"\" colspan=\"\" rowspan=\"\"><strong>DIMENS\u00c3O SEM EMBALAGEM (L X A X P)<\/strong><\/td>\n<td id=\"\" colspan=\"\" rowspan=\"\">&#8211;<\/td>\n<\/tr>\n<tr>\n<td id=\"\" colspan=\"\" rowspan=\"\"><strong>PESO SEM EMBALAGEM(L\u00cdQUIDO)<\/strong><\/td>\n<td id=\"\" colspan=\"\" rowspan=\"\">&#8211;<\/td>\n<\/tr>\n<tr>\n<td id=\"\" colspan=\"\" rowspan=\"\"><strong>PESO COM EMBALAGEM(BRUTO)<\/strong><\/td>\n<td id=\"\" colspan=\"\" rowspan=\"\">&#8211;<\/td>\n<\/tr>\n<tr>\n<td id=\"\" colspan=\"\" rowspan=\"\"><strong>N\u00cdVEL DE RU\u00cdDO M\u00cdNIMO (DBA)<\/strong><\/td>\n<td id=\"\" colspan=\"\" rowspan=\"\">&#8211;<\/td>\n<\/tr>\n<tr>\n<td id=\"\" colspan=\"\" rowspan=\"\"><strong>N\u00cdVEL DE RU\u00cdDO M\u00c1XIMO (DBA)<\/strong><\/td>\n<td id=\"\" colspan=\"\" rowspan=\"\">&#8211;<\/td>\n<\/tr>\n<tr>\n<td id=\"\" colspan=\"\" rowspan=\"\"><strong>DESN\u00cdVEL M\u00c1XIMO DE UNIDADES (M)<\/strong><\/td>\n<td id=\"\" colspan=\"\" rowspan=\"\">&#8211;<\/td>\n<\/tr>\n<tr>\n<td id=\"\" colspan=\"\" rowspan=\"\"><strong>COMPRIMENTO M\u00c1XIMO DA TUBULA\u00c7\u00c3O (M)<\/strong><\/td>\n<td id=\"\" colspan=\"\" rowspan=\"\">&#8211;<\/td>\n<\/tr>\n<tr>\n<td id=\"\" colspan=\"\" rowspan=\"\"><strong>FAIXA DE OPERA\u00c7\u00c3O (RESFRIAMENTO) C\u00ad\u00b0<\/strong><\/td>\n<td id=\"\" colspan=\"\" rowspan=\"\">&#8211;<\/td>\n<\/tr>\n<tr>\n<td id=\"\" colspan=\"\" rowspan=\"\"><strong>FAIXA DE OPERA\u00c7\u00c3O (AQUECIMENTO) C\u00ba<\/strong><\/td>\n<td id=\"\" colspan=\"\" rowspan=\"\">&#8211;<\/td>\n<\/tr>\n<tr>\n<td id=\"\" colspan=\"\" rowspan=\"\"><strong>CONEX\u00c3O DE TUBULA\u00c7\u00c3O (LIQUIDO)<\/strong><\/td>\n<td id=\"\" colspan=\"\" rowspan=\"\">&#8211;<\/td>\n<\/tr>\n<tr>\n<td id=\"\" colspan=\"\" rowspan=\"\"><strong>CONEX\u00c3O DE TUBULA\u00c7\u00c3O (SUC\u00c7\u00c3O)<\/strong><\/td>\n<td id=\"\" colspan=\"\" rowspan=\"\">&#8211;<\/td>\n<\/tr>\n<tr>\n<td id=\"\" colspan=\"\" rowspan=\"\"><strong>CONEX\u00c3O DE TUBULA\u00c7\u00c3O (DRENO INTERNO)<\/strong><\/td>\n<td id=\"\" colspan=\"\" rowspan=\"\">&#8211;<\/td>\n<\/tr>\n<tr>\n<td id=\"\" colspan=\"\" rowspan=\"\"><strong>CONEX\u00c3O DE TUBULA\u00c7\u00c3O (DRENO EXTERNO)<\/strong><\/td>\n<td id=\"\" colspan=\"\" rowspan=\"\">&#8211;<\/td>\n<\/tr>\n<tr>\n<td id=\"\" colspan=\"\" rowspan=\"\"><strong>C\u00d3DIGO DA CONDENSADORA<\/strong><\/td>\n<td id=\"\" colspan=\"\" rowspan=\"\">&#8211;<\/td>\n<\/tr>\n<tr>\n<td id=\"\" colspan=\"\" rowspan=\"\"><strong>EAN DA CONDENSADORA<\/strong><\/td>\n<td id=\"\" colspan=\"\" rowspan=\"\">&#8211;<\/td>\n<\/tr>\n<\/tbody>\n<\/table>\n<h3 style=\"text-align: center;\">Pot\u00eancia, economia de energia e conectividade:<\/h3>\n<p>Gold Fin\u00ae na condensadora: prote\u00e7\u00e3o extra que garante maior resist\u00eancia \u00e0 oxida\u00e7\u00e3o e corros\u00e3o, promovendo maior durabilidade e incremento da vida \u00fatil.<br \/>\n<img fetchpriority=\"high\" decoding=\"async\" src=\"https:\/\/bonshop.com.br\/wp-content\/uploads\/2023\/12\/cq5dam.compression.png\" sizes=\"(max-width:767px) 480px, (max-width:1438px) 100vw, 1438px\" srcset=\"https:\/\/bonshop.com.br\/wp-content\/uploads\/2023\/12\/cq5dam.compression.png 1438w, https:\/\/bonshop.com.br\/wp-content\/uploads\/2023\/12\/cq5dam.compression-68x300.png 68w, https:\/\/bonshop.com.br\/wp-content\/uploads\/2023\/12\/cq5dam.compression-232x1024.png 232w, https:\/\/bonshop.com.br\/wp-content\/uploads\/2023\/12\/cq5dam.compression-768x3392.png 768w, https:\/\/bonshop.com.br\/wp-content\/uploads\/2023\/12\/cq5dam.compression-348x1536.png 348w, https:\/\/bonshop.com.br\/wp-content\/uploads\/2023\/12\/cq5dam.compression-17x75.png 17w, https:\/\/bonshop.com.br\/wp-content\/uploads\/2023\/12\/cq5dam.compression-217x960.png 217w, https:\/\/bonshop.com.br\/wp-content\/uploads\/2023\/12\/cq5dam.compression-800x3534.png 800w\" alt=\"\" width=\"1438\" height=\"6352\" \/><\/p>\n","protected":false},"excerpt":{"rendered":"<ol>\n<li>\n<div class=\"h6\">MSmartHome: controle seu Ar-Condicionado pelo app<\/div>\n<\/li>\n<li>\n<div class=\"h6\">Economia de at\u00e9 70%<\/div>\n<\/li>\n<li>Classifica\u00e7\u00e3o A de economia (Selo Procel) em todas as capacidades<\/li>\n<li>O mais completo sistema com tripla filtragem e ionizador, elimina at\u00e9 99,9%* dos v\u00edrus e bact\u00e9rias<\/li>\n<li>G\u00e1s Refrigerante R32, baixo impacto ambiental.<\/li>\n<\/ol>\n","protected":false},"featured_media":2538,"comment_status":"closed","ping_status":"closed","template":"","meta":{"_joinchat":[]},"product_brand":[],"product_cat":[44,54,43,61,63,57,47],"product_tag":[],"class_list":{"0":"post-2481","1":"product","2":"type-product","3":"status-publish","4":"has-post-thumbnail","6":"product_cat-12-000-btus","7":"product_cat-220v","8":"product_cat-ar-condicionado","9":"product_cat-ecologico-r-32","10":"product_cat-midea","11":"product_cat-quente-e-frio","12":"product_cat-split-inverter","14":"first","15":"instock","16":"shipping-taxable","17":"product-type-simple"},"yoast_head":"<!-- This site is optimized with the Yoast SEO Premium plugin v24.1 (Yoast SEO v27.4) - https:\/\/yoast.com\/product\/yoast-seo-premium-wordpress\/ -->\n<title>Ar-Condicionado Inverter Springer Midea Xtreme Save Connect 12000 Btus Quente\/Frio 220V R-32 - Bonshop - O seu melhor parceiro<\/title>\n<meta name=\"robots\" content=\"index, follow, max-snippet:-1, max-image-preview:large, max-video-preview:-1\" \/>\n<meta property=\"og:locale\" content=\"pt_BR\" \/>\n<meta property=\"og:type\" content=\"article\" \/>\n<meta property=\"og:title\" content=\"Ar-Condicionado Inverter Springer Midea Xtreme Save Connect 12000 Btus Quente\/Frio 220V R-32\" \/>\n<meta property=\"og:description\" content=\"MSmartHome: controle seu Ar-Condicionado pelo app   Economia de at\u00e9 70%  Classifica\u00e7\u00e3o A de economia (Selo Procel) em todas as capacidades  O mais completo sistema com tripla filtragem e ionizador, elimina at\u00e9 99,9%* dos v\u00edrus e bact\u00e9rias  G\u00e1s Refrigerante R32, baixo impacto ambiental.\" \/>\n<meta property=\"og:url\" content=\"https:\/\/bonshop.com.br\/testes\/produto\/ar-condicionado-inverter-springer-midea-xtreme-save-connect-12000-btus-quente-frio-220v-r-32\/\" \/>\n<meta property=\"og:site_name\" content=\"Bonshop - O seu melhor parceiro\" \/>\n<meta property=\"article:publisher\" content=\"https:\/\/www.facebook.com\/unisarcondicionado1\" \/>\n<meta property=\"article:modified_time\" content=\"2024-05-03T20:34:57+00:00\" \/>\n<meta property=\"og:image\" content=\"https:\/\/bonshop.com.br\/testes\/wp-content\/uploads\/2024\/05\/hiwall-midea-xtreme-save-connect-R32-12k-conjunto.png\" \/>\n\t<meta property=\"og:image:width\" content=\"1000\" \/>\n\t<meta property=\"og:image:height\" content=\"592\" \/>\n\t<meta property=\"og:image:type\" content=\"image\/png\" \/>\n<meta name=\"twitter:card\" content=\"summary_large_image\" \/>\n<meta name=\"twitter:label1\" content=\"Est. tempo de leitura\" \/>\n\t<meta name=\"twitter:data1\" content=\"3 minutos\" \/>\n<script type=\"application\/ld+json\" class=\"yoast-schema-graph\">{\"@context\":\"https:\\\/\\\/schema.org\",\"@graph\":[{\"@type\":\"WebPage\",\"@id\":\"https:\\\/\\\/bonshop.com.br\\\/testes\\\/produto\\\/ar-condicionado-inverter-springer-midea-xtreme-save-connect-12000-btus-quente-frio-220v-r-32\\\/\",\"url\":\"https:\\\/\\\/bonshop.com.br\\\/testes\\\/produto\\\/ar-condicionado-inverter-springer-midea-xtreme-save-connect-12000-btus-quente-frio-220v-r-32\\\/\",\"name\":\"Ar-Condicionado Inverter Springer Midea Xtreme Save Connect 12000 Btus Quente\\\/Frio 220V R-32 - Bonshop - O seu melhor parceiro\",\"isPartOf\":{\"@id\":\"https:\\\/\\\/bonshop.com.br\\\/testes\\\/#website\"},\"primaryImageOfPage\":{\"@id\":\"https:\\\/\\\/bonshop.com.br\\\/testes\\\/produto\\\/ar-condicionado-inverter-springer-midea-xtreme-save-connect-12000-btus-quente-frio-220v-r-32\\\/#primaryimage\"},\"image\":{\"@id\":\"https:\\\/\\\/bonshop.com.br\\\/testes\\\/produto\\\/ar-condicionado-inverter-springer-midea-xtreme-save-connect-12000-btus-quente-frio-220v-r-32\\\/#primaryimage\"},\"thumbnailUrl\":\"https:\\\/\\\/bonshop.com.br\\\/testes\\\/wp-content\\\/uploads\\\/2024\\\/05\\\/hiwall-midea-xtreme-save-connect-R32-12k-conjunto.png\",\"datePublished\":\"2024-05-03T20:30:26+00:00\",\"dateModified\":\"2024-05-03T20:34:57+00:00\",\"breadcrumb\":{\"@id\":\"https:\\\/\\\/bonshop.com.br\\\/testes\\\/produto\\\/ar-condicionado-inverter-springer-midea-xtreme-save-connect-12000-btus-quente-frio-220v-r-32\\\/#breadcrumb\"},\"inLanguage\":\"pt-BR\",\"potentialAction\":[{\"@type\":\"ReadAction\",\"target\":[\"https:\\\/\\\/bonshop.com.br\\\/testes\\\/produto\\\/ar-condicionado-inverter-springer-midea-xtreme-save-connect-12000-btus-quente-frio-220v-r-32\\\/\"]}]},{\"@type\":\"ImageObject\",\"inLanguage\":\"pt-BR\",\"@id\":\"https:\\\/\\\/bonshop.com.br\\\/testes\\\/produto\\\/ar-condicionado-inverter-springer-midea-xtreme-save-connect-12000-btus-quente-frio-220v-r-32\\\/#primaryimage\",\"url\":\"https:\\\/\\\/bonshop.com.br\\\/testes\\\/wp-content\\\/uploads\\\/2024\\\/05\\\/hiwall-midea-xtreme-save-connect-R32-12k-conjunto.png\",\"contentUrl\":\"https:\\\/\\\/bonshop.com.br\\\/testes\\\/wp-content\\\/uploads\\\/2024\\\/05\\\/hiwall-midea-xtreme-save-connect-R32-12k-conjunto.png\",\"width\":1000,\"height\":592},{\"@type\":\"BreadcrumbList\",\"@id\":\"https:\\\/\\\/bonshop.com.br\\\/testes\\\/produto\\\/ar-condicionado-inverter-springer-midea-xtreme-save-connect-12000-btus-quente-frio-220v-r-32\\\/#breadcrumb\",\"itemListElement\":[{\"@type\":\"ListItem\",\"position\":1,\"name\":\"In\u00edcio\",\"item\":\"https:\\\/\\\/bonshop.com.br\\\/testes\\\/\"},{\"@type\":\"ListItem\",\"position\":2,\"name\":\"Loja\",\"item\":\"https:\\\/\\\/bonshop.com.br\\\/testes\\\/loja\\\/\"},{\"@type\":\"ListItem\",\"position\":3,\"name\":\"Ar-Condicionado Inverter Springer Midea Xtreme Save Connect 12000 Btus Quente\\\/Frio 220V R-32\"}]},{\"@type\":\"WebSite\",\"@id\":\"https:\\\/\\\/bonshop.com.br\\\/testes\\\/#website\",\"url\":\"https:\\\/\\\/bonshop.com.br\\\/testes\\\/\",\"name\":\"Bonshop - O seu melhor parceiro\",\"description\":\"Ar-condicionado\",\"publisher\":{\"@id\":\"https:\\\/\\\/bonshop.com.br\\\/testes\\\/#organization\"},\"potentialAction\":[{\"@type\":\"SearchAction\",\"target\":{\"@type\":\"EntryPoint\",\"urlTemplate\":\"https:\\\/\\\/bonshop.com.br\\\/testes\\\/?s={search_term_string}\"},\"query-input\":{\"@type\":\"PropertyValueSpecification\",\"valueRequired\":true,\"valueName\":\"search_term_string\"}}],\"inLanguage\":\"pt-BR\"},{\"@type\":\"Organization\",\"@id\":\"https:\\\/\\\/bonshop.com.br\\\/testes\\\/#organization\",\"name\":\"Bonshop - O seu melhor parceiro\",\"url\":\"https:\\\/\\\/bonshop.com.br\\\/testes\\\/\",\"logo\":{\"@type\":\"ImageObject\",\"inLanguage\":\"pt-BR\",\"@id\":\"https:\\\/\\\/bonshop.com.br\\\/testes\\\/#\\\/schema\\\/logo\\\/image\\\/\",\"url\":\"https:\\\/\\\/bonshop.com.br\\\/testes\\\/wp-content\\\/uploads\\\/2022\\\/08\\\/logo-unis-retina.png\",\"contentUrl\":\"https:\\\/\\\/bonshop.com.br\\\/testes\\\/wp-content\\\/uploads\\\/2022\\\/08\\\/logo-unis-retina.png\",\"width\":394,\"height\":110,\"caption\":\"Bonshop - O seu melhor parceiro\"},\"image\":{\"@id\":\"https:\\\/\\\/bonshop.com.br\\\/testes\\\/#\\\/schema\\\/logo\\\/image\\\/\"},\"sameAs\":[\"https:\\\/\\\/www.facebook.com\\\/unisarcondicionado1\",\"https:\\\/\\\/www.instagram.com\\\/unisarcondicionado\\\/\"]}]}<\/script>\n<!-- \/ Yoast SEO Premium plugin. -->","yoast_head_json":{"title":"Ar-Condicionado Inverter Springer Midea Xtreme Save Connect 12000 Btus Quente\/Frio 220V R-32 - Bonshop - O seu melhor parceiro","robots":{"index":"index","follow":"follow","max-snippet":"max-snippet:-1","max-image-preview":"max-image-preview:large","max-video-preview":"max-video-preview:-1"},"og_locale":"pt_BR","og_type":"article","og_title":"Ar-Condicionado Inverter Springer Midea Xtreme Save Connect 12000 Btus Quente\/Frio 220V R-32","og_description":"MSmartHome: controle seu Ar-Condicionado pelo app   Economia de at\u00e9 70%  Classifica\u00e7\u00e3o A de economia (Selo Procel) em todas as capacidades  O mais completo sistema com tripla filtragem e ionizador, elimina at\u00e9 99,9%* dos v\u00edrus e bact\u00e9rias  G\u00e1s Refrigerante R32, baixo impacto ambiental.","og_url":"https:\/\/bonshop.com.br\/testes\/produto\/ar-condicionado-inverter-springer-midea-xtreme-save-connect-12000-btus-quente-frio-220v-r-32\/","og_site_name":"Bonshop - O seu melhor parceiro","article_publisher":"https:\/\/www.facebook.com\/unisarcondicionado1","article_modified_time":"2024-05-03T20:34:57+00:00","og_image":[{"width":1000,"height":592,"url":"https:\/\/bonshop.com.br\/testes\/wp-content\/uploads\/2024\/05\/hiwall-midea-xtreme-save-connect-R32-12k-conjunto.png","type":"image\/png"}],"twitter_card":"summary_large_image","twitter_misc":{"Est. tempo de leitura":"3 minutos"},"schema":{"@context":"https:\/\/schema.org","@graph":[{"@type":"WebPage","@id":"https:\/\/bonshop.com.br\/testes\/produto\/ar-condicionado-inverter-springer-midea-xtreme-save-connect-12000-btus-quente-frio-220v-r-32\/","url":"https:\/\/bonshop.com.br\/testes\/produto\/ar-condicionado-inverter-springer-midea-xtreme-save-connect-12000-btus-quente-frio-220v-r-32\/","name":"Ar-Condicionado Inverter Springer Midea Xtreme Save Connect 12000 Btus Quente\/Frio 220V R-32 - Bonshop - O seu melhor parceiro","isPartOf":{"@id":"https:\/\/bonshop.com.br\/testes\/#website"},"primaryImageOfPage":{"@id":"https:\/\/bonshop.com.br\/testes\/produto\/ar-condicionado-inverter-springer-midea-xtreme-save-connect-12000-btus-quente-frio-220v-r-32\/#primaryimage"},"image":{"@id":"https:\/\/bonshop.com.br\/testes\/produto\/ar-condicionado-inverter-springer-midea-xtreme-save-connect-12000-btus-quente-frio-220v-r-32\/#primaryimage"},"thumbnailUrl":"https:\/\/bonshop.com.br\/testes\/wp-content\/uploads\/2024\/05\/hiwall-midea-xtreme-save-connect-R32-12k-conjunto.png","datePublished":"2024-05-03T20:30:26+00:00","dateModified":"2024-05-03T20:34:57+00:00","breadcrumb":{"@id":"https:\/\/bonshop.com.br\/testes\/produto\/ar-condicionado-inverter-springer-midea-xtreme-save-connect-12000-btus-quente-frio-220v-r-32\/#breadcrumb"},"inLanguage":"pt-BR","potentialAction":[{"@type":"ReadAction","target":["https:\/\/bonshop.com.br\/testes\/produto\/ar-condicionado-inverter-springer-midea-xtreme-save-connect-12000-btus-quente-frio-220v-r-32\/"]}]},{"@type":"ImageObject","inLanguage":"pt-BR","@id":"https:\/\/bonshop.com.br\/testes\/produto\/ar-condicionado-inverter-springer-midea-xtreme-save-connect-12000-btus-quente-frio-220v-r-32\/#primaryimage","url":"https:\/\/bonshop.com.br\/testes\/wp-content\/uploads\/2024\/05\/hiwall-midea-xtreme-save-connect-R32-12k-conjunto.png","contentUrl":"https:\/\/bonshop.com.br\/testes\/wp-content\/uploads\/2024\/05\/hiwall-midea-xtreme-save-connect-R32-12k-conjunto.png","width":1000,"height":592},{"@type":"BreadcrumbList","@id":"https:\/\/bonshop.com.br\/testes\/produto\/ar-condicionado-inverter-springer-midea-xtreme-save-connect-12000-btus-quente-frio-220v-r-32\/#breadcrumb","itemListElement":[{"@type":"ListItem","position":1,"name":"In\u00edcio","item":"https:\/\/bonshop.com.br\/testes\/"},{"@type":"ListItem","position":2,"name":"Loja","item":"https:\/\/bonshop.com.br\/testes\/loja\/"},{"@type":"ListItem","position":3,"name":"Ar-Condicionado Inverter Springer Midea Xtreme Save Connect 12000 Btus Quente\/Frio 220V R-32"}]},{"@type":"WebSite","@id":"https:\/\/bonshop.com.br\/testes\/#website","url":"https:\/\/bonshop.com.br\/testes\/","name":"Bonshop - O seu melhor parceiro","description":"Ar-condicionado","publisher":{"@id":"https:\/\/bonshop.com.br\/testes\/#organization"},"potentialAction":[{"@type":"SearchAction","target":{"@type":"EntryPoint","urlTemplate":"https:\/\/bonshop.com.br\/testes\/?s={search_term_string}"},"query-input":{"@type":"PropertyValueSpecification","valueRequired":true,"valueName":"search_term_string"}}],"inLanguage":"pt-BR"},{"@type":"Organization","@id":"https:\/\/bonshop.com.br\/testes\/#organization","name":"Bonshop - O seu melhor parceiro","url":"https:\/\/bonshop.com.br\/testes\/","logo":{"@type":"ImageObject","inLanguage":"pt-BR","@id":"https:\/\/bonshop.com.br\/testes\/#\/schema\/logo\/image\/","url":"https:\/\/bonshop.com.br\/testes\/wp-content\/uploads\/2022\/08\/logo-unis-retina.png","contentUrl":"https:\/\/bonshop.com.br\/testes\/wp-content\/uploads\/2022\/08\/logo-unis-retina.png","width":394,"height":110,"caption":"Bonshop - O seu melhor parceiro"},"image":{"@id":"https:\/\/bonshop.com.br\/testes\/#\/schema\/logo\/image\/"},"sameAs":["https:\/\/www.facebook.com\/unisarcondicionado1","https:\/\/www.instagram.com\/unisarcondicionado\/"]}]}},"_links":{"self":[{"href":"https:\/\/bonshop.com.br\/testes\/wp-json\/wp\/v2\/product\/2481","targetHints":{"allow":["GET"]}}],"collection":[{"href":"https:\/\/bonshop.com.br\/testes\/wp-json\/wp\/v2\/product"}],"about":[{"href":"https:\/\/bonshop.com.br\/testes\/wp-json\/wp\/v2\/types\/product"}],"replies":[{"embeddable":true,"href":"https:\/\/bonshop.com.br\/testes\/wp-json\/wp\/v2\/comments?post=2481"}],"version-history":[{"count":1,"href":"https:\/\/bonshop.com.br\/testes\/wp-json\/wp\/v2\/product\/2481\/revisions"}],"predecessor-version":[{"id":2539,"href":"https:\/\/bonshop.com.br\/testes\/wp-json\/wp\/v2\/product\/2481\/revisions\/2539"}],"wp:featuredmedia":[{"embeddable":true,"href":"https:\/\/bonshop.com.br\/testes\/wp-json\/wp\/v2\/media\/2538"}],"wp:attachment":[{"href":"https:\/\/bonshop.com.br\/testes\/wp-json\/wp\/v2\/media?parent=2481"}],"wp:term":[{"taxonomy":"product_brand","embeddable":true,"href":"https:\/\/bonshop.com.br\/testes\/wp-json\/wp\/v2\/product_brand?post=2481"},{"taxonomy":"product_cat","embeddable":true,"href":"https:\/\/bonshop.com.br\/testes\/wp-json\/wp\/v2\/product_cat?post=2481"},{"taxonomy":"product_tag","embeddable":true,"href":"https:\/\/bonshop.com.br\/testes\/wp-json\/wp\/v2\/product_tag?post=2481"}],"curies":[{"name":"wp","href":"https:\/\/api.w.org\/{rel}","templated":true}]}}