{"id":852,"date":"2022-09-12T17:24:28","date_gmt":"2022-09-12T17:24:28","guid":{"rendered":"https:\/\/bonshop.com.br\/testes\/?page_id=852"},"modified":"2025-07-28T18:57:28","modified_gmt":"2025-07-28T21:57:28","slug":"samsung","status":"publish","type":"page","link":"https:\/\/bonshop.com.br\/testes\/samsung\/","title":{"rendered":"Samsung"},"content":{"rendered":"\t\t<div data-elementor-type=\"wp-page\" data-elementor-id=\"852\" class=\"elementor elementor-852\" data-elementor-post-type=\"page\">\n\t\t\t\t\t\t<section data-particle_enable=\"false\" data-particle-mobile-disabled=\"false\" class=\"elementor-section elementor-top-section elementor-element elementor-element-bc50ed6 elementor-section-full_width elementor-section-height-default elementor-section-height-default\" data-id=\"bc50ed6\" data-element_type=\"section\" data-e-type=\"section\">\n\t\t\t\t\t\t<div class=\"elementor-container elementor-column-gap-default\">\n\t\t\t\t\t<div class=\"elementor-column elementor-col-100 elementor-top-column elementor-element elementor-element-442a747\" data-id=\"442a747\" data-element_type=\"column\" data-e-type=\"column\">\n\t\t\t<div class=\"elementor-widget-wrap elementor-element-populated\">\n\t\t\t\t\t\t<div class=\"elementor-element elementor-element-04f1920 elementor-widget elementor-widget-image\" data-id=\"04f1920\" data-element_type=\"widget\" data-e-type=\"widget\" data-widget_type=\"image.default\">\n\t\t\t\t<div class=\"elementor-widget-container\">\n\t\t\t\t\t\t\t\t\t\t\t\t\t\t\t<img fetchpriority=\"high\" decoding=\"async\" width=\"1024\" height=\"455\" src=\"https:\/\/bonshop.com.br\/testes\/wp-content\/uploads\/2025\/07\/WindFree_bannerhome2_desk-1024x455.webp\" class=\"attachment-large size-large wp-image-3452\" alt=\"\" srcset=\"https:\/\/bonshop.com.br\/testes\/wp-content\/uploads\/2025\/07\/WindFree_bannerhome2_desk-1024x455.webp 1024w, https:\/\/bonshop.com.br\/testes\/wp-content\/uploads\/2025\/07\/WindFree_bannerhome2_desk-300x133.webp 300w, https:\/\/bonshop.com.br\/testes\/wp-content\/uploads\/2025\/07\/WindFree_bannerhome2_desk-768x341.webp 768w, https:\/\/bonshop.com.br\/testes\/wp-content\/uploads\/2025\/07\/WindFree_bannerhome2_desk-150x67.webp 150w, https:\/\/bonshop.com.br\/testes\/wp-content\/uploads\/2025\/07\/WindFree_bannerhome2_desk-480x213.webp 480w, https:\/\/bonshop.com.br\/testes\/wp-content\/uploads\/2025\/07\/WindFree_bannerhome2_desk-800x355.webp 800w, https:\/\/bonshop.com.br\/testes\/wp-content\/uploads\/2025\/07\/WindFree_bannerhome2_desk.webp 1366w\" sizes=\"(max-width:767px) 480px, (max-width:1024px) 100vw, 1024px\" \/>\t\t\t\t\t\t\t\t\t\t\t\t\t\t\t<\/div>\n\t\t\t\t<\/div>\n\t\t\t\t\t<\/div>\n\t\t<\/div>\n\t\t\t\t\t<\/div>\n\t\t<\/section>\n\t\t\t\t<section data-particle_enable=\"false\" data-particle-mobile-disabled=\"false\" class=\"elementor-section elementor-top-section elementor-element elementor-element-3c09c6d elementor-section-full_width elementor-section-height-default elementor-section-height-default\" data-id=\"3c09c6d\" data-element_type=\"section\" data-e-type=\"section\">\n\t\t\t\t\t\t<div class=\"elementor-container elementor-column-gap-default\">\n\t\t\t\t\t<div class=\"elementor-column elementor-col-100 elementor-top-column elementor-element elementor-element-cb4c326\" data-id=\"cb4c326\" data-element_type=\"column\" data-e-type=\"column\">\n\t\t\t<div class=\"elementor-widget-wrap\">\n\t\t\t\t\t\t\t<\/div>\n\t\t<\/div>\n\t\t\t\t\t<\/div>\n\t\t<\/section>\n\t\t\t\t<section data-particle_enable=\"false\" data-particle-mobile-disabled=\"false\" class=\"elementor-section elementor-top-section elementor-element elementor-element-d28088a elementor-section-stretched elementor-section-boxed elementor-section-height-default elementor-section-height-default\" data-id=\"d28088a\" data-element_type=\"section\" data-e-type=\"section\" data-settings=\"{&quot;stretch_section&quot;:&quot;section-stretched&quot;,&quot;background_background&quot;:&quot;classic&quot;}\">\n\t\t\t\t\t\t<div class=\"elementor-container elementor-column-gap-wider\">\n\t\t\t\t\t<div class=\"elementor-column elementor-col-100 elementor-top-column elementor-element elementor-element-5a74d3e\" data-id=\"5a74d3e\" data-element_type=\"column\" data-e-type=\"column\">\n\t\t\t<div class=\"elementor-widget-wrap elementor-element-populated\">\n\t\t\t\t\t\t<section data-particle_enable=\"false\" data-particle-mobile-disabled=\"false\" class=\"elementor-section elementor-inner-section elementor-element elementor-element-94d9403 elementor-section-content-top elementor-section-boxed elementor-section-height-default elementor-section-height-default\" data-id=\"94d9403\" data-element_type=\"section\" data-e-type=\"section\">\n\t\t\t\t\t\t<div class=\"elementor-container elementor-column-gap-default\">\n\t\t\t\t\t<div class=\"elementor-column elementor-col-50 elementor-inner-column elementor-element elementor-element-4749171\" data-id=\"4749171\" data-element_type=\"column\" data-e-type=\"column\">\n\t\t\t<div class=\"elementor-widget-wrap elementor-element-populated\">\n\t\t\t\t\t\t<div class=\"elementor-element elementor-element-c0f45c2 elementor-widget elementor-widget-text-editor\" data-id=\"c0f45c2\" data-element_type=\"widget\" data-e-type=\"widget\" data-widget_type=\"text-editor.default\">\n\t\t\t\t<div class=\"elementor-widget-container\">\n\t\t\t\t\t\t\t\t\t<h3 style=\"font-style: normal; font-variant-ligatures: normal; font-variant-caps: normal; letter-spacing: normal; text-align: center;\">Samsung<\/h3>\t\t\t\t\t\t\t\t<\/div>\n\t\t\t\t<\/div>\n\t\t\t\t<div class=\"elementor-element elementor-element-47dc7ed elementor-widget elementor-widget-text-editor\" data-id=\"47dc7ed\" data-element_type=\"widget\" data-e-type=\"widget\" data-widget_type=\"text-editor.default\">\n\t\t\t\t<div class=\"elementor-widget-container\">\n\t\t\t\t\t\t\t\t\t<p class=\"pt-2 text-muted\">Samsung Electronics Co Ltd, ou simplesmente\u00a0Samsung\u00a0\u00e9 uma corpora\u00e7\u00e3o transnacional\u00a0sul-coreana\u00a0que atua em diversos ramos da \u00e1rea de\u00a0tecnologia da informa\u00e7\u00e3o\u00a0com sede em\u00a0Seul,\u00a0Coreia do Sul. Faz parte tamb\u00e9m do conglomerado a Samsung Entertainment que se dedica a produzir filmes no seu pa\u00eds de origem, como\u00a0Shiri &#8211; Miss\u00e3o Imposs\u00edvel, em 1999, dirigido por\u00a0Kang Je-gyu, que marcou a virada do\u00a0cinema sul-coreano.<\/p><ul><li>Pa\u00eds de Origem: Coreia do Sul<\/li><li>Ano de Funda\u00e7\u00e3o: 1938<\/li><li>Segmento de Mercado: Eletrodom\u00e9sticos, Sistema de Ar Condicionado<\/li><li>Principais Sistemas: VRF e Multi Split<\/li><\/ul><p class=\"pt-2 text-muted\">O nome da empresa significa tr\u00eas estrelas no idioma coreano. Isto porque o seu fundador desejava que os produtos fossem duradouros quanto \u00e0s estrelas. Slogan \u201cDo What You Can\u2019t\u201d \u201cFa\u00e7a o que voc\u00ea n\u00e3o pode\u201d<\/p>\t\t\t\t\t\t\t\t<\/div>\n\t\t\t\t<\/div>\n\t\t\t\t\t<\/div>\n\t\t<\/div>\n\t\t\t\t<div class=\"elementor-column elementor-col-50 elementor-inner-column elementor-element elementor-element-66b9479\" data-id=\"66b9479\" data-element_type=\"column\" data-e-type=\"column\">\n\t\t\t<div class=\"elementor-widget-wrap elementor-element-populated\">\n\t\t\t\t\t\t<div class=\"elementor-element elementor-element-d443e09 elementor-widget elementor-widget-spacer\" data-id=\"d443e09\" data-element_type=\"widget\" data-e-type=\"widget\" data-widget_type=\"spacer.default\">\n\t\t\t\t<div class=\"elementor-widget-container\">\n\t\t\t\t\t\t\t<div class=\"elementor-spacer\">\n\t\t\t<div class=\"elementor-spacer-inner\"><\/div>\n\t\t<\/div>\n\t\t\t\t\t\t<\/div>\n\t\t\t\t<\/div>\n\t\t\t\t<div class=\"elementor-element elementor-element-58da20f elementor-widget elementor-widget-image\" data-id=\"58da20f\" data-element_type=\"widget\" data-e-type=\"widget\" data-widget_type=\"image.default\">\n\t\t\t\t<div class=\"elementor-widget-container\">\n\t\t\t\t\t\t\t\t\t\t\t\t\t\t\t<img decoding=\"async\" width=\"780\" height=\"780\" src=\"https:\/\/bonshop.com.br\/testes\/wp-content\/uploads\/2022\/09\/fabricante-samsung-2.png\" class=\"attachment-large size-large wp-image-1029\" alt=\"\" srcset=\"https:\/\/bonshop.com.br\/testes\/wp-content\/uploads\/2022\/09\/fabricante-samsung-2.png 780w, https:\/\/bonshop.com.br\/testes\/wp-content\/uploads\/2022\/09\/fabricante-samsung-2-300x300.png 300w, https:\/\/bonshop.com.br\/testes\/wp-content\/uploads\/2022\/09\/fabricante-samsung-2-150x150.png 150w, https:\/\/bonshop.com.br\/testes\/wp-content\/uploads\/2022\/09\/fabricante-samsung-2-768x768.png 768w, https:\/\/bonshop.com.br\/testes\/wp-content\/uploads\/2022\/09\/fabricante-samsung-2-146x146.png 146w, https:\/\/bonshop.com.br\/testes\/wp-content\/uploads\/2022\/09\/fabricante-samsung-2-50x50.png 50w, https:\/\/bonshop.com.br\/testes\/wp-content\/uploads\/2022\/09\/fabricante-samsung-2-75x75.png 75w, https:\/\/bonshop.com.br\/testes\/wp-content\/uploads\/2022\/09\/fabricante-samsung-2-85x85.png 85w, https:\/\/bonshop.com.br\/testes\/wp-content\/uploads\/2022\/09\/fabricante-samsung-2-80x80.png 80w\" sizes=\"(max-width:767px) 480px, (max-width:780px) 100vw, 780px\" \/>\t\t\t\t\t\t\t\t\t\t\t\t\t\t\t<\/div>\n\t\t\t\t<\/div>\n\t\t\t\t\t<\/div>\n\t\t<\/div>\n\t\t\t\t\t<\/div>\n\t\t<\/section>\n\t\t\t\t\t<\/div>\n\t\t<\/div>\n\t\t\t\t\t<\/div>\n\t\t<\/section>\n\t\t\t\t<\/div>\n\t\t","protected":false},"excerpt":{"rendered":"<p>Samsung Samsung Electronics Co Ltd, ou simplesmente\u00a0Samsung\u00a0\u00e9 uma corpora\u00e7\u00e3o transnacional\u00a0sul-coreana\u00a0que atua em diversos ramos da \u00e1rea de\u00a0tecnologia da informa\u00e7\u00e3o\u00a0com sede em\u00a0Seul,\u00a0Coreia do Sul. Faz parte tamb\u00e9m<span class=\"excerpt-hellip\"> [\u2026]<\/span><\/p>\n","protected":false},"author":1,"featured_media":0,"parent":0,"menu_order":0,"comment_status":"closed","ping_status":"closed","template":"elementor_header_footer","meta":{"_joinchat":[],"footnotes":""},"class_list":["post-852","page","type-page","status-publish","hentry"],"yoast_head":"<!-- This site is optimized with the Yoast SEO Premium plugin v24.1 (Yoast SEO v27.4) - https:\/\/yoast.com\/product\/yoast-seo-premium-wordpress\/ -->\n<title>Samsung - Bonshop - O seu melhor parceiro<\/title>\n<meta name=\"robots\" content=\"index, follow, max-snippet:-1, max-image-preview:large, max-video-preview:-1\" \/>\n<meta property=\"og:locale\" content=\"pt_BR\" \/>\n<meta property=\"og:type\" content=\"article\" \/>\n<meta property=\"og:title\" content=\"Samsung\" \/>\n<meta property=\"og:description\" content=\"Samsung Samsung Electronics Co Ltd, ou simplesmente\u00a0Samsung\u00a0\u00e9 uma corpora\u00e7\u00e3o transnacional\u00a0sul-coreana\u00a0que atua em diversos ramos da \u00e1rea de\u00a0tecnologia da informa\u00e7\u00e3o\u00a0com sede em\u00a0Seul,\u00a0Coreia do Sul. Faz parte tamb\u00e9m [\u2026]\" \/>\n<meta property=\"og:url\" content=\"https:\/\/bonshop.com.br\/testes\/samsung\/\" \/>\n<meta property=\"og:site_name\" content=\"Bonshop - O seu melhor parceiro\" \/>\n<meta property=\"article:publisher\" content=\"https:\/\/www.facebook.com\/unisarcondicionado1\" \/>\n<meta property=\"article:modified_time\" content=\"2025-07-28T21:57:28+00:00\" \/>\n<meta property=\"og:image\" content=\"https:\/\/bonshop.com.br\/testes\/wp-content\/uploads\/2025\/07\/WindFree_bannerhome2_desk.webp\" \/>\n\t<meta property=\"og:image:width\" content=\"1366\" \/>\n\t<meta property=\"og:image:height\" content=\"607\" \/>\n\t<meta property=\"og:image:type\" content=\"image\/webp\" \/>\n<meta name=\"twitter:card\" content=\"summary_large_image\" \/>\n<meta name=\"twitter:label1\" content=\"Est. tempo de leitura\" \/>\n\t<meta name=\"twitter:data1\" content=\"2 minutos\" \/>\n<script type=\"application\/ld+json\" class=\"yoast-schema-graph\">{\"@context\":\"https:\\\/\\\/schema.org\",\"@graph\":[{\"@type\":\"WebPage\",\"@id\":\"https:\\\/\\\/bonshop.com.br\\\/testes\\\/samsung\\\/\",\"url\":\"https:\\\/\\\/bonshop.com.br\\\/testes\\\/samsung\\\/\",\"name\":\"Samsung - Bonshop - O seu melhor parceiro\",\"isPartOf\":{\"@id\":\"https:\\\/\\\/bonshop.com.br\\\/testes\\\/#website\"},\"primaryImageOfPage\":{\"@id\":\"https:\\\/\\\/bonshop.com.br\\\/testes\\\/samsung\\\/#primaryimage\"},\"image\":{\"@id\":\"https:\\\/\\\/bonshop.com.br\\\/testes\\\/samsung\\\/#primaryimage\"},\"thumbnailUrl\":\"https:\\\/\\\/bonshop.com.br\\\/testes\\\/wp-content\\\/uploads\\\/2025\\\/07\\\/WindFree_bannerhome2_desk-1024x455.webp\",\"datePublished\":\"2022-09-12T17:24:28+00:00\",\"dateModified\":\"2025-07-28T21:57:28+00:00\",\"breadcrumb\":{\"@id\":\"https:\\\/\\\/bonshop.com.br\\\/testes\\\/samsung\\\/#breadcrumb\"},\"inLanguage\":\"pt-BR\",\"potentialAction\":[{\"@type\":\"ReadAction\",\"target\":[\"https:\\\/\\\/bonshop.com.br\\\/testes\\\/samsung\\\/\"]}]},{\"@type\":\"ImageObject\",\"inLanguage\":\"pt-BR\",\"@id\":\"https:\\\/\\\/bonshop.com.br\\\/testes\\\/samsung\\\/#primaryimage\",\"url\":\"https:\\\/\\\/bonshop.com.br\\\/testes\\\/wp-content\\\/uploads\\\/2025\\\/07\\\/WindFree_bannerhome2_desk.webp\",\"contentUrl\":\"https:\\\/\\\/bonshop.com.br\\\/testes\\\/wp-content\\\/uploads\\\/2025\\\/07\\\/WindFree_bannerhome2_desk.webp\",\"width\":1366,\"height\":607},{\"@type\":\"BreadcrumbList\",\"@id\":\"https:\\\/\\\/bonshop.com.br\\\/testes\\\/samsung\\\/#breadcrumb\",\"itemListElement\":[{\"@type\":\"ListItem\",\"position\":1,\"name\":\"In\u00edcio\",\"item\":\"https:\\\/\\\/bonshop.com.br\\\/testes\\\/\"},{\"@type\":\"ListItem\",\"position\":2,\"name\":\"Samsung\"}]},{\"@type\":\"WebSite\",\"@id\":\"https:\\\/\\\/bonshop.com.br\\\/testes\\\/#website\",\"url\":\"https:\\\/\\\/bonshop.com.br\\\/testes\\\/\",\"name\":\"Bonshop - O seu melhor parceiro\",\"description\":\"Ar-condicionado\",\"publisher\":{\"@id\":\"https:\\\/\\\/bonshop.com.br\\\/testes\\\/#organization\"},\"potentialAction\":[{\"@type\":\"SearchAction\",\"target\":{\"@type\":\"EntryPoint\",\"urlTemplate\":\"https:\\\/\\\/bonshop.com.br\\\/testes\\\/?s={search_term_string}\"},\"query-input\":{\"@type\":\"PropertyValueSpecification\",\"valueRequired\":true,\"valueName\":\"search_term_string\"}}],\"inLanguage\":\"pt-BR\"},{\"@type\":\"Organization\",\"@id\":\"https:\\\/\\\/bonshop.com.br\\\/testes\\\/#organization\",\"name\":\"Bonshop - O seu melhor parceiro\",\"url\":\"https:\\\/\\\/bonshop.com.br\\\/testes\\\/\",\"logo\":{\"@type\":\"ImageObject\",\"inLanguage\":\"pt-BR\",\"@id\":\"https:\\\/\\\/bonshop.com.br\\\/testes\\\/#\\\/schema\\\/logo\\\/image\\\/\",\"url\":\"https:\\\/\\\/bonshop.com.br\\\/testes\\\/wp-content\\\/uploads\\\/2022\\\/08\\\/logo-unis-retina.png\",\"contentUrl\":\"https:\\\/\\\/bonshop.com.br\\\/testes\\\/wp-content\\\/uploads\\\/2022\\\/08\\\/logo-unis-retina.png\",\"width\":394,\"height\":110,\"caption\":\"Bonshop - O seu melhor parceiro\"},\"image\":{\"@id\":\"https:\\\/\\\/bonshop.com.br\\\/testes\\\/#\\\/schema\\\/logo\\\/image\\\/\"},\"sameAs\":[\"https:\\\/\\\/www.facebook.com\\\/unisarcondicionado1\",\"https:\\\/\\\/www.instagram.com\\\/unisarcondicionado\\\/\"]}]}<\/script>\n<!-- \/ Yoast SEO Premium plugin. -->","yoast_head_json":{"title":"Samsung - Bonshop - O seu melhor parceiro","robots":{"index":"index","follow":"follow","max-snippet":"max-snippet:-1","max-image-preview":"max-image-preview:large","max-video-preview":"max-video-preview:-1"},"og_locale":"pt_BR","og_type":"article","og_title":"Samsung","og_description":"Samsung Samsung Electronics Co Ltd, ou simplesmente\u00a0Samsung\u00a0\u00e9 uma corpora\u00e7\u00e3o transnacional\u00a0sul-coreana\u00a0que atua em diversos ramos da \u00e1rea de\u00a0tecnologia da informa\u00e7\u00e3o\u00a0com sede em\u00a0Seul,\u00a0Coreia do Sul. Faz parte tamb\u00e9m [\u2026]","og_url":"https:\/\/bonshop.com.br\/testes\/samsung\/","og_site_name":"Bonshop - O seu melhor parceiro","article_publisher":"https:\/\/www.facebook.com\/unisarcondicionado1","article_modified_time":"2025-07-28T21:57:28+00:00","og_image":[{"width":1366,"height":607,"url":"https:\/\/bonshop.com.br\/testes\/wp-content\/uploads\/2025\/07\/WindFree_bannerhome2_desk.webp","type":"image\/webp"}],"twitter_card":"summary_large_image","twitter_misc":{"Est. tempo de leitura":"2 minutos"},"schema":{"@context":"https:\/\/schema.org","@graph":[{"@type":"WebPage","@id":"https:\/\/bonshop.com.br\/testes\/samsung\/","url":"https:\/\/bonshop.com.br\/testes\/samsung\/","name":"Samsung - Bonshop - O seu melhor parceiro","isPartOf":{"@id":"https:\/\/bonshop.com.br\/testes\/#website"},"primaryImageOfPage":{"@id":"https:\/\/bonshop.com.br\/testes\/samsung\/#primaryimage"},"image":{"@id":"https:\/\/bonshop.com.br\/testes\/samsung\/#primaryimage"},"thumbnailUrl":"https:\/\/bonshop.com.br\/testes\/wp-content\/uploads\/2025\/07\/WindFree_bannerhome2_desk-1024x455.webp","datePublished":"2022-09-12T17:24:28+00:00","dateModified":"2025-07-28T21:57:28+00:00","breadcrumb":{"@id":"https:\/\/bonshop.com.br\/testes\/samsung\/#breadcrumb"},"inLanguage":"pt-BR","potentialAction":[{"@type":"ReadAction","target":["https:\/\/bonshop.com.br\/testes\/samsung\/"]}]},{"@type":"ImageObject","inLanguage":"pt-BR","@id":"https:\/\/bonshop.com.br\/testes\/samsung\/#primaryimage","url":"https:\/\/bonshop.com.br\/testes\/wp-content\/uploads\/2025\/07\/WindFree_bannerhome2_desk.webp","contentUrl":"https:\/\/bonshop.com.br\/testes\/wp-content\/uploads\/2025\/07\/WindFree_bannerhome2_desk.webp","width":1366,"height":607},{"@type":"BreadcrumbList","@id":"https:\/\/bonshop.com.br\/testes\/samsung\/#breadcrumb","itemListElement":[{"@type":"ListItem","position":1,"name":"In\u00edcio","item":"https:\/\/bonshop.com.br\/testes\/"},{"@type":"ListItem","position":2,"name":"Samsung"}]},{"@type":"WebSite","@id":"https:\/\/bonshop.com.br\/testes\/#website","url":"https:\/\/bonshop.com.br\/testes\/","name":"Bonshop - O seu melhor parceiro","description":"Ar-condicionado","publisher":{"@id":"https:\/\/bonshop.com.br\/testes\/#organization"},"potentialAction":[{"@type":"SearchAction","target":{"@type":"EntryPoint","urlTemplate":"https:\/\/bonshop.com.br\/testes\/?s={search_term_string}"},"query-input":{"@type":"PropertyValueSpecification","valueRequired":true,"valueName":"search_term_string"}}],"inLanguage":"pt-BR"},{"@type":"Organization","@id":"https:\/\/bonshop.com.br\/testes\/#organization","name":"Bonshop - O seu melhor parceiro","url":"https:\/\/bonshop.com.br\/testes\/","logo":{"@type":"ImageObject","inLanguage":"pt-BR","@id":"https:\/\/bonshop.com.br\/testes\/#\/schema\/logo\/image\/","url":"https:\/\/bonshop.com.br\/testes\/wp-content\/uploads\/2022\/08\/logo-unis-retina.png","contentUrl":"https:\/\/bonshop.com.br\/testes\/wp-content\/uploads\/2022\/08\/logo-unis-retina.png","width":394,"height":110,"caption":"Bonshop - O seu melhor parceiro"},"image":{"@id":"https:\/\/bonshop.com.br\/testes\/#\/schema\/logo\/image\/"},"sameAs":["https:\/\/www.facebook.com\/unisarcondicionado1","https:\/\/www.instagram.com\/unisarcondicionado\/"]}]}},"_links":{"self":[{"href":"https:\/\/bonshop.com.br\/testes\/wp-json\/wp\/v2\/pages\/852","targetHints":{"allow":["GET"]}}],"collection":[{"href":"https:\/\/bonshop.com.br\/testes\/wp-json\/wp\/v2\/pages"}],"about":[{"href":"https:\/\/bonshop.com.br\/testes\/wp-json\/wp\/v2\/types\/page"}],"author":[{"embeddable":true,"href":"https:\/\/bonshop.com.br\/testes\/wp-json\/wp\/v2\/users\/1"}],"replies":[{"embeddable":true,"href":"https:\/\/bonshop.com.br\/testes\/wp-json\/wp\/v2\/comments?post=852"}],"version-history":[{"count":17,"href":"https:\/\/bonshop.com.br\/testes\/wp-json\/wp\/v2\/pages\/852\/revisions"}],"predecessor-version":[{"id":3455,"href":"https:\/\/bonshop.com.br\/testes\/wp-json\/wp\/v2\/pages\/852\/revisions\/3455"}],"wp:attachment":[{"href":"https:\/\/bonshop.com.br\/testes\/wp-json\/wp\/v2\/media?parent=852"}],"curies":[{"name":"wp","href":"https:\/\/api.w.org\/{rel}","templated":true}]}}