{"id":3474,"date":"2025-07-31T17:26:36","date_gmt":"2025-07-31T20:26:36","guid":{"rendered":"https:\/\/bonshop.com.br\/testes\/?page_id=3474"},"modified":"2025-12-05T14:59:48","modified_gmt":"2025-12-05T17:59:48","slug":"tcl","status":"publish","type":"page","link":"https:\/\/bonshop.com.br\/testes\/tcl\/","title":{"rendered":"TCL"},"content":{"rendered":"\t\t<div data-elementor-type=\"wp-page\" data-elementor-id=\"3474\" class=\"elementor elementor-3474\" data-elementor-post-type=\"page\">\n\t\t\t\t\t\t<section data-particle_enable=\"false\" data-particle-mobile-disabled=\"false\" class=\"elementor-section elementor-top-section elementor-element elementor-element-0aff0d3 elementor-section-full_width elementor-section-height-default elementor-section-height-default\" data-id=\"0aff0d3\" data-element_type=\"section\" data-e-type=\"section\">\n\t\t\t\t\t\t<div class=\"elementor-container elementor-column-gap-default\">\n\t\t\t\t\t<div class=\"elementor-column elementor-col-100 elementor-top-column elementor-element elementor-element-1e85811\" data-id=\"1e85811\" data-element_type=\"column\" data-e-type=\"column\">\n\t\t\t<div class=\"elementor-widget-wrap elementor-element-populated\">\n\t\t\t\t\t\t<div class=\"elementor-element elementor-element-16e34e0 elementor-widget elementor-widget-image\" data-id=\"16e34e0\" data-element_type=\"widget\" data-e-type=\"widget\" data-widget_type=\"image.default\">\n\t\t\t\t<div class=\"elementor-widget-container\">\n\t\t\t\t\t\t\t\t\t\t\t\t\t\t\t<img fetchpriority=\"high\" decoding=\"async\" width=\"1920\" height=\"1000\" src=\"https:\/\/bonshop.com.br\/testes\/wp-content\/uploads\/2025\/07\/s1-air-flow-4.webp\" class=\"attachment-2048x2048 size-2048x2048 wp-image-3478\" alt=\"\" srcset=\"https:\/\/bonshop.com.br\/testes\/wp-content\/uploads\/2025\/07\/s1-air-flow-4.webp 1920w, https:\/\/bonshop.com.br\/testes\/wp-content\/uploads\/2025\/07\/s1-air-flow-4-300x156.webp 300w, https:\/\/bonshop.com.br\/testes\/wp-content\/uploads\/2025\/07\/s1-air-flow-4-1024x533.webp 1024w, https:\/\/bonshop.com.br\/testes\/wp-content\/uploads\/2025\/07\/s1-air-flow-4-768x400.webp 768w, https:\/\/bonshop.com.br\/testes\/wp-content\/uploads\/2025\/07\/s1-air-flow-4-1536x800.webp 1536w, https:\/\/bonshop.com.br\/testes\/wp-content\/uploads\/2025\/07\/s1-air-flow-4-144x75.webp 144w, https:\/\/bonshop.com.br\/testes\/wp-content\/uploads\/2025\/07\/s1-air-flow-4-480x250.webp 480w, https:\/\/bonshop.com.br\/testes\/wp-content\/uploads\/2025\/07\/s1-air-flow-4-800x417.webp 800w\" sizes=\"(max-width:767px) 480px, (max-width:1920px) 100vw, 1920px\" \/>\t\t\t\t\t\t\t\t\t\t\t\t\t\t\t<\/div>\n\t\t\t\t<\/div>\n\t\t\t\t\t<\/div>\n\t\t<\/div>\n\t\t\t\t\t<\/div>\n\t\t<\/section>\n\t\t\t\t<section data-particle_enable=\"false\" data-particle-mobile-disabled=\"false\" class=\"elementor-section elementor-top-section elementor-element elementor-element-d28088a elementor-section-stretched elementor-section-boxed elementor-section-height-default elementor-section-height-default\" data-id=\"d28088a\" data-element_type=\"section\" data-e-type=\"section\" data-settings=\"{&quot;stretch_section&quot;:&quot;section-stretched&quot;,&quot;background_background&quot;:&quot;classic&quot;}\">\n\t\t\t\t\t\t<div class=\"elementor-container elementor-column-gap-wider\">\n\t\t\t\t\t<div class=\"elementor-column elementor-col-100 elementor-top-column elementor-element elementor-element-5a74d3e\" data-id=\"5a74d3e\" data-element_type=\"column\" data-e-type=\"column\">\n\t\t\t<div class=\"elementor-widget-wrap elementor-element-populated\">\n\t\t\t\t\t\t<section data-particle_enable=\"false\" data-particle-mobile-disabled=\"false\" class=\"elementor-section elementor-inner-section elementor-element elementor-element-94d9403 elementor-section-content-top elementor-section-boxed elementor-section-height-default elementor-section-height-default\" data-id=\"94d9403\" data-element_type=\"section\" data-e-type=\"section\">\n\t\t\t\t\t\t<div class=\"elementor-container elementor-column-gap-default\">\n\t\t\t\t\t<div class=\"elementor-column elementor-col-50 elementor-inner-column elementor-element elementor-element-4749171\" data-id=\"4749171\" data-element_type=\"column\" data-e-type=\"column\">\n\t\t\t<div class=\"elementor-widget-wrap elementor-element-populated\">\n\t\t\t\t\t\t<div class=\"elementor-element elementor-element-c0f45c2 elementor-widget elementor-widget-text-editor\" data-id=\"c0f45c2\" data-element_type=\"widget\" data-e-type=\"widget\" data-widget_type=\"text-editor.default\">\n\t\t\t\t<div class=\"elementor-widget-container\">\n\t\t\t\t\t\t\t\t\t<h3 style=\"font-style: normal; font-variant-ligatures: normal; font-variant-caps: normal; letter-spacing: normal; text-align: center;\">TCL<\/h3>\t\t\t\t\t\t\t\t<\/div>\n\t\t\t\t<\/div>\n\t\t\t\t<div class=\"elementor-element elementor-element-47dc7ed elementor-widget elementor-widget-text-editor\" data-id=\"47dc7ed\" data-element_type=\"widget\" data-e-type=\"widget\" data-widget_type=\"text-editor.default\">\n\t\t\t\t<div class=\"elementor-widget-container\">\n\t\t\t\t\t\t\t\t\t<p>TCL \u00e9 uma marca l\u00edder global de tecnologia em TVs, dispositivos m\u00f3veis e de conforto dom\u00e9stico. Fundada em 1981, a TCL opera seus centros de fabrica\u00e7\u00e3o e pesquisa e desenvolvimento em todo o mundo e possui produtos e servi\u00e7os em mais de 160 pa\u00edses.<\/p><p>Nossa miss\u00e3o \u00e9 melhorar a vida das pessoas por meio de tecnologias avan\u00e7adas, buscando sempre aprimorar as experi\u00eancias de nossos consumidores.<\/p><p>Nossos produtos e servi\u00e7os inovadores t\u00eam como objetivo resolver problemas cotidianos, trazer mais alegria para as pessoas e criar um ambiente mais seguro e saud\u00e1vel. Al\u00e9m disso, trabalhamos para inspirar, capacitar e empoderar as pessoas a alcan\u00e7arem seu m\u00e1ximo potencial, promovendo um futuro mais pr\u00f3spero, inovador e globalmente conectado.<br \/>Sobre n\u00f3s: o que nos motiva \u00e9 construir um futuro melhor para todos, com inova\u00e7\u00e3o e compromisso em cada passo que damos.<\/p>\t\t\t\t\t\t\t\t<\/div>\n\t\t\t\t<\/div>\n\t\t\t\t<div class=\"elementor-element elementor-element-ab2e311 elementor-align-center elementor-widget elementor-widget-button\" data-id=\"ab2e311\" data-element_type=\"widget\" data-e-type=\"widget\" data-widget_type=\"button.default\">\n\t\t\t\t<div class=\"elementor-widget-container\">\n\t\t\t\t\t\t\t\t\t<div class=\"elementor-button-wrapper\">\n\t\t\t\t\t<a class=\"elementor-button elementor-button-link elementor-size-sm\" href=\"https:\/\/www.tcl.com\/br\/pt\/air-conditioners\">\n\t\t\t\t\t\t<span class=\"elementor-button-content-wrapper\">\n\t\t\t\t\t\t\t\t\t<span class=\"elementor-button-text\">ACESSE O SITE DA TCL E SAIBA MAIS<\/span>\n\t\t\t\t\t<\/span>\n\t\t\t\t\t<\/a>\n\t\t\t\t<\/div>\n\t\t\t\t\t\t\t\t<\/div>\n\t\t\t\t<\/div>\n\t\t\t\t\t<\/div>\n\t\t<\/div>\n\t\t\t\t<div class=\"elementor-column elementor-col-50 elementor-inner-column elementor-element elementor-element-66b9479\" data-id=\"66b9479\" data-element_type=\"column\" data-e-type=\"column\">\n\t\t\t<div class=\"elementor-widget-wrap elementor-element-populated\">\n\t\t\t\t\t\t<div class=\"elementor-element elementor-element-58da20f elementor-widget elementor-widget-image\" data-id=\"58da20f\" data-element_type=\"widget\" data-e-type=\"widget\" data-widget_type=\"image.default\">\n\t\t\t\t<div class=\"elementor-widget-container\">\n\t\t\t\t\t\t\t\t\t\t\t\t\t\t\t<img decoding=\"async\" width=\"780\" height=\"780\" src=\"https:\/\/bonshop.com.br\/testes\/wp-content\/uploads\/2025\/07\/fabricante-tcl.png\" class=\"attachment-large size-large wp-image-3477\" alt=\"\" srcset=\"https:\/\/bonshop.com.br\/testes\/wp-content\/uploads\/2025\/07\/fabricante-tcl.png 780w, https:\/\/bonshop.com.br\/testes\/wp-content\/uploads\/2025\/07\/fabricante-tcl-300x300.png 300w, https:\/\/bonshop.com.br\/testes\/wp-content\/uploads\/2025\/07\/fabricante-tcl-150x150.png 150w, https:\/\/bonshop.com.br\/testes\/wp-content\/uploads\/2025\/07\/fabricante-tcl-768x768.png 768w, https:\/\/bonshop.com.br\/testes\/wp-content\/uploads\/2025\/07\/fabricante-tcl-75x75.png 75w, https:\/\/bonshop.com.br\/testes\/wp-content\/uploads\/2025\/07\/fabricante-tcl-480x480.png 480w\" sizes=\"(max-width:767px) 480px, (max-width:780px) 100vw, 780px\" \/>\t\t\t\t\t\t\t\t\t\t\t\t\t\t\t<\/div>\n\t\t\t\t<\/div>\n\t\t\t\t\t<\/div>\n\t\t<\/div>\n\t\t\t\t\t<\/div>\n\t\t<\/section>\n\t\t\t\t\t<\/div>\n\t\t<\/div>\n\t\t\t\t\t<\/div>\n\t\t<\/section>\n\t\t\t\t<\/div>\n\t\t","protected":false},"excerpt":{"rendered":"<p>TCL TCL \u00e9 uma marca l\u00edder global de tecnologia em TVs, dispositivos m\u00f3veis e de conforto dom\u00e9stico. Fundada em 1981, a TCL opera seus centros de<span class=\"excerpt-hellip\"> [\u2026]<\/span><\/p>\n","protected":false},"author":1,"featured_media":0,"parent":0,"menu_order":0,"comment_status":"closed","ping_status":"closed","template":"elementor_header_footer","meta":{"_joinchat":[],"footnotes":""},"class_list":["post-3474","page","type-page","status-publish","hentry"],"yoast_head":"<!-- This site is optimized with the Yoast SEO Premium plugin v24.1 (Yoast SEO v27.4) - https:\/\/yoast.com\/product\/yoast-seo-premium-wordpress\/ -->\n<title>TCL - Bonshop - O seu melhor parceiro<\/title>\n<meta name=\"robots\" content=\"index, follow, max-snippet:-1, max-image-preview:large, max-video-preview:-1\" \/>\n<meta property=\"og:locale\" content=\"pt_BR\" \/>\n<meta property=\"og:type\" content=\"article\" \/>\n<meta property=\"og:title\" content=\"TCL\" \/>\n<meta property=\"og:description\" content=\"TCL TCL \u00e9 uma marca l\u00edder global de tecnologia em TVs, dispositivos m\u00f3veis e de conforto dom\u00e9stico. Fundada em 1981, a TCL opera seus centros de [\u2026]\" \/>\n<meta property=\"og:url\" content=\"https:\/\/bonshop.com.br\/testes\/tcl\/\" \/>\n<meta property=\"og:site_name\" content=\"Bonshop - O seu melhor parceiro\" \/>\n<meta property=\"article:publisher\" content=\"https:\/\/www.facebook.com\/unisarcondicionado1\" \/>\n<meta property=\"article:modified_time\" content=\"2025-12-05T17:59:48+00:00\" \/>\n<meta property=\"og:image\" content=\"https:\/\/bonshop.com.br\/testes\/wp-content\/uploads\/2025\/07\/s1-air-flow-4.webp\" \/>\n\t<meta property=\"og:image:width\" content=\"1920\" \/>\n\t<meta property=\"og:image:height\" content=\"1000\" \/>\n\t<meta property=\"og:image:type\" content=\"image\/webp\" \/>\n<meta name=\"twitter:card\" content=\"summary_large_image\" \/>\n<meta name=\"twitter:label1\" content=\"Est. tempo de leitura\" \/>\n\t<meta name=\"twitter:data1\" content=\"2 minutos\" \/>\n<script type=\"application\/ld+json\" class=\"yoast-schema-graph\">{\"@context\":\"https:\\\/\\\/schema.org\",\"@graph\":[{\"@type\":\"WebPage\",\"@id\":\"https:\\\/\\\/bonshop.com.br\\\/testes\\\/tcl\\\/\",\"url\":\"https:\\\/\\\/bonshop.com.br\\\/testes\\\/tcl\\\/\",\"name\":\"TCL - Bonshop - O seu melhor parceiro\",\"isPartOf\":{\"@id\":\"https:\\\/\\\/bonshop.com.br\\\/testes\\\/#website\"},\"primaryImageOfPage\":{\"@id\":\"https:\\\/\\\/bonshop.com.br\\\/testes\\\/tcl\\\/#primaryimage\"},\"image\":{\"@id\":\"https:\\\/\\\/bonshop.com.br\\\/testes\\\/tcl\\\/#primaryimage\"},\"thumbnailUrl\":\"https:\\\/\\\/bonshop.com.br\\\/testes\\\/wp-content\\\/uploads\\\/2025\\\/07\\\/s1-air-flow-4.webp\",\"datePublished\":\"2025-07-31T20:26:36+00:00\",\"dateModified\":\"2025-12-05T17:59:48+00:00\",\"breadcrumb\":{\"@id\":\"https:\\\/\\\/bonshop.com.br\\\/testes\\\/tcl\\\/#breadcrumb\"},\"inLanguage\":\"pt-BR\",\"potentialAction\":[{\"@type\":\"ReadAction\",\"target\":[\"https:\\\/\\\/bonshop.com.br\\\/testes\\\/tcl\\\/\"]}]},{\"@type\":\"ImageObject\",\"inLanguage\":\"pt-BR\",\"@id\":\"https:\\\/\\\/bonshop.com.br\\\/testes\\\/tcl\\\/#primaryimage\",\"url\":\"https:\\\/\\\/bonshop.com.br\\\/testes\\\/wp-content\\\/uploads\\\/2025\\\/07\\\/s1-air-flow-4.webp\",\"contentUrl\":\"https:\\\/\\\/bonshop.com.br\\\/testes\\\/wp-content\\\/uploads\\\/2025\\\/07\\\/s1-air-flow-4.webp\",\"width\":1920,\"height\":1000},{\"@type\":\"BreadcrumbList\",\"@id\":\"https:\\\/\\\/bonshop.com.br\\\/testes\\\/tcl\\\/#breadcrumb\",\"itemListElement\":[{\"@type\":\"ListItem\",\"position\":1,\"name\":\"In\u00edcio\",\"item\":\"https:\\\/\\\/bonshop.com.br\\\/testes\\\/\"},{\"@type\":\"ListItem\",\"position\":2,\"name\":\"TCL\"}]},{\"@type\":\"WebSite\",\"@id\":\"https:\\\/\\\/bonshop.com.br\\\/testes\\\/#website\",\"url\":\"https:\\\/\\\/bonshop.com.br\\\/testes\\\/\",\"name\":\"Bonshop - O seu melhor parceiro\",\"description\":\"Ar-condicionado\",\"publisher\":{\"@id\":\"https:\\\/\\\/bonshop.com.br\\\/testes\\\/#organization\"},\"potentialAction\":[{\"@type\":\"SearchAction\",\"target\":{\"@type\":\"EntryPoint\",\"urlTemplate\":\"https:\\\/\\\/bonshop.com.br\\\/testes\\\/?s={search_term_string}\"},\"query-input\":{\"@type\":\"PropertyValueSpecification\",\"valueRequired\":true,\"valueName\":\"search_term_string\"}}],\"inLanguage\":\"pt-BR\"},{\"@type\":\"Organization\",\"@id\":\"https:\\\/\\\/bonshop.com.br\\\/testes\\\/#organization\",\"name\":\"Bonshop - O seu melhor parceiro\",\"url\":\"https:\\\/\\\/bonshop.com.br\\\/testes\\\/\",\"logo\":{\"@type\":\"ImageObject\",\"inLanguage\":\"pt-BR\",\"@id\":\"https:\\\/\\\/bonshop.com.br\\\/testes\\\/#\\\/schema\\\/logo\\\/image\\\/\",\"url\":\"https:\\\/\\\/bonshop.com.br\\\/testes\\\/wp-content\\\/uploads\\\/2022\\\/08\\\/logo-unis-retina.png\",\"contentUrl\":\"https:\\\/\\\/bonshop.com.br\\\/testes\\\/wp-content\\\/uploads\\\/2022\\\/08\\\/logo-unis-retina.png\",\"width\":394,\"height\":110,\"caption\":\"Bonshop - O seu melhor parceiro\"},\"image\":{\"@id\":\"https:\\\/\\\/bonshop.com.br\\\/testes\\\/#\\\/schema\\\/logo\\\/image\\\/\"},\"sameAs\":[\"https:\\\/\\\/www.facebook.com\\\/unisarcondicionado1\",\"https:\\\/\\\/www.instagram.com\\\/unisarcondicionado\\\/\"]}]}<\/script>\n<!-- \/ Yoast SEO Premium plugin. -->","yoast_head_json":{"title":"TCL - Bonshop - O seu melhor parceiro","robots":{"index":"index","follow":"follow","max-snippet":"max-snippet:-1","max-image-preview":"max-image-preview:large","max-video-preview":"max-video-preview:-1"},"og_locale":"pt_BR","og_type":"article","og_title":"TCL","og_description":"TCL TCL \u00e9 uma marca l\u00edder global de tecnologia em TVs, dispositivos m\u00f3veis e de conforto dom\u00e9stico. Fundada em 1981, a TCL opera seus centros de [\u2026]","og_url":"https:\/\/bonshop.com.br\/testes\/tcl\/","og_site_name":"Bonshop - O seu melhor parceiro","article_publisher":"https:\/\/www.facebook.com\/unisarcondicionado1","article_modified_time":"2025-12-05T17:59:48+00:00","og_image":[{"width":1920,"height":1000,"url":"https:\/\/bonshop.com.br\/testes\/wp-content\/uploads\/2025\/07\/s1-air-flow-4.webp","type":"image\/webp"}],"twitter_card":"summary_large_image","twitter_misc":{"Est. tempo de leitura":"2 minutos"},"schema":{"@context":"https:\/\/schema.org","@graph":[{"@type":"WebPage","@id":"https:\/\/bonshop.com.br\/testes\/tcl\/","url":"https:\/\/bonshop.com.br\/testes\/tcl\/","name":"TCL - Bonshop - O seu melhor parceiro","isPartOf":{"@id":"https:\/\/bonshop.com.br\/testes\/#website"},"primaryImageOfPage":{"@id":"https:\/\/bonshop.com.br\/testes\/tcl\/#primaryimage"},"image":{"@id":"https:\/\/bonshop.com.br\/testes\/tcl\/#primaryimage"},"thumbnailUrl":"https:\/\/bonshop.com.br\/testes\/wp-content\/uploads\/2025\/07\/s1-air-flow-4.webp","datePublished":"2025-07-31T20:26:36+00:00","dateModified":"2025-12-05T17:59:48+00:00","breadcrumb":{"@id":"https:\/\/bonshop.com.br\/testes\/tcl\/#breadcrumb"},"inLanguage":"pt-BR","potentialAction":[{"@type":"ReadAction","target":["https:\/\/bonshop.com.br\/testes\/tcl\/"]}]},{"@type":"ImageObject","inLanguage":"pt-BR","@id":"https:\/\/bonshop.com.br\/testes\/tcl\/#primaryimage","url":"https:\/\/bonshop.com.br\/testes\/wp-content\/uploads\/2025\/07\/s1-air-flow-4.webp","contentUrl":"https:\/\/bonshop.com.br\/testes\/wp-content\/uploads\/2025\/07\/s1-air-flow-4.webp","width":1920,"height":1000},{"@type":"BreadcrumbList","@id":"https:\/\/bonshop.com.br\/testes\/tcl\/#breadcrumb","itemListElement":[{"@type":"ListItem","position":1,"name":"In\u00edcio","item":"https:\/\/bonshop.com.br\/testes\/"},{"@type":"ListItem","position":2,"name":"TCL"}]},{"@type":"WebSite","@id":"https:\/\/bonshop.com.br\/testes\/#website","url":"https:\/\/bonshop.com.br\/testes\/","name":"Bonshop - O seu melhor parceiro","description":"Ar-condicionado","publisher":{"@id":"https:\/\/bonshop.com.br\/testes\/#organization"},"potentialAction":[{"@type":"SearchAction","target":{"@type":"EntryPoint","urlTemplate":"https:\/\/bonshop.com.br\/testes\/?s={search_term_string}"},"query-input":{"@type":"PropertyValueSpecification","valueRequired":true,"valueName":"search_term_string"}}],"inLanguage":"pt-BR"},{"@type":"Organization","@id":"https:\/\/bonshop.com.br\/testes\/#organization","name":"Bonshop - O seu melhor parceiro","url":"https:\/\/bonshop.com.br\/testes\/","logo":{"@type":"ImageObject","inLanguage":"pt-BR","@id":"https:\/\/bonshop.com.br\/testes\/#\/schema\/logo\/image\/","url":"https:\/\/bonshop.com.br\/testes\/wp-content\/uploads\/2022\/08\/logo-unis-retina.png","contentUrl":"https:\/\/bonshop.com.br\/testes\/wp-content\/uploads\/2022\/08\/logo-unis-retina.png","width":394,"height":110,"caption":"Bonshop - O seu melhor parceiro"},"image":{"@id":"https:\/\/bonshop.com.br\/testes\/#\/schema\/logo\/image\/"},"sameAs":["https:\/\/www.facebook.com\/unisarcondicionado1","https:\/\/www.instagram.com\/unisarcondicionado\/"]}]}},"_links":{"self":[{"href":"https:\/\/bonshop.com.br\/testes\/wp-json\/wp\/v2\/pages\/3474","targetHints":{"allow":["GET"]}}],"collection":[{"href":"https:\/\/bonshop.com.br\/testes\/wp-json\/wp\/v2\/pages"}],"about":[{"href":"https:\/\/bonshop.com.br\/testes\/wp-json\/wp\/v2\/types\/page"}],"author":[{"embeddable":true,"href":"https:\/\/bonshop.com.br\/testes\/wp-json\/wp\/v2\/users\/1"}],"replies":[{"embeddable":true,"href":"https:\/\/bonshop.com.br\/testes\/wp-json\/wp\/v2\/comments?post=3474"}],"version-history":[{"count":13,"href":"https:\/\/bonshop.com.br\/testes\/wp-json\/wp\/v2\/pages\/3474\/revisions"}],"predecessor-version":[{"id":3527,"href":"https:\/\/bonshop.com.br\/testes\/wp-json\/wp\/v2\/pages\/3474\/revisions\/3527"}],"wp:attachment":[{"href":"https:\/\/bonshop.com.br\/testes\/wp-json\/wp\/v2\/media?parent=3474"}],"curies":[{"name":"wp","href":"https:\/\/api.w.org\/{rel}","templated":true}]}}