{"id":18,"date":"2019-07-26T15:00:22","date_gmt":"2019-07-26T15:00:22","guid":{"rendered":"https:\/\/themes.muffingroup.com\/be\/print3\/?page_id=18"},"modified":"2022-09-12T21:29:53","modified_gmt":"2022-09-12T21:29:53","slug":"contato","status":"publish","type":"page","link":"https:\/\/bonshop.com.br\/testes\/contato\/","title":{"rendered":"Contato"},"content":{"rendered":"\t\t<div data-elementor-type=\"wp-page\" data-elementor-id=\"18\" class=\"elementor elementor-18\" data-elementor-post-type=\"page\">\n\t\t\t\t\t\t<section data-particle_enable=\"false\" data-particle-mobile-disabled=\"false\" class=\"elementor-section elementor-top-section elementor-element elementor-element-cc70ec9 elementor-section-stretched elementor-section-boxed elementor-section-height-default elementor-section-height-default\" data-id=\"cc70ec9\" data-element_type=\"section\" data-e-type=\"section\" data-settings=\"{&quot;stretch_section&quot;:&quot;section-stretched&quot;}\">\n\t\t\t\t\t\t<div class=\"elementor-container elementor-column-gap-wider\">\n\t\t\t\t\t<div class=\"elementor-column elementor-col-100 elementor-top-column elementor-element elementor-element-692061b\" data-id=\"692061b\" data-element_type=\"column\" data-e-type=\"column\">\n\t\t\t<div class=\"elementor-widget-wrap elementor-element-populated\">\n\t\t\t\t\t\t<div class=\"elementor-element elementor-element-da570b2 elementor-widget elementor-widget-text-editor\" data-id=\"da570b2\" data-element_type=\"widget\" data-e-type=\"widget\" data-widget_type=\"text-editor.default\">\n\t\t\t\t<div class=\"elementor-widget-container\">\n\t\t\t\t\t\t\t\t\t<h3>Fale com a&nbsp;<span style=\"box-shadow: inset 0px -10px 0px 0px #ff191d;\">UNIS<\/span><\/h3>\t\t\t\t\t\t\t\t<\/div>\n\t\t\t\t<\/div>\n\t\t\t\t<section data-particle_enable=\"false\" data-particle-mobile-disabled=\"false\" class=\"elementor-section elementor-inner-section elementor-element elementor-element-bcdc26c elementor-section-content-middle elementor-section-boxed elementor-section-height-default elementor-section-height-default\" data-id=\"bcdc26c\" data-element_type=\"section\" data-e-type=\"section\">\n\t\t\t\t\t\t<div class=\"elementor-container elementor-column-gap-default\">\n\t\t\t\t\t<div class=\"elementor-column elementor-col-50 elementor-inner-column elementor-element elementor-element-0c72c40\" data-id=\"0c72c40\" data-element_type=\"column\" data-e-type=\"column\">\n\t\t\t<div class=\"elementor-widget-wrap elementor-element-populated\">\n\t\t\t\t\t\t<div class=\"elementor-element elementor-element-b541256 elementor-widget elementor-widget-text-editor\" data-id=\"b541256\" data-element_type=\"widget\" data-e-type=\"widget\" data-widget_type=\"text-editor.default\">\n\t\t\t\t<div class=\"elementor-widget-container\">\n\t\t\t\t\t\t\t\t\t<h3 text-align: center;>Tem alguma\u00a0<span style=\"box-shadow: inset 0px -10px 0px 0px #ff191d;\">D\u00daVIDA?<\/span><\/h3>\t\t\t\t\t\t\t\t<\/div>\n\t\t\t\t<\/div>\n\t\t\t\t<div class=\"elementor-element elementor-element-97f804b elementor-widget elementor-widget-text-editor\" data-id=\"97f804b\" data-element_type=\"widget\" data-e-type=\"widget\" data-widget_type=\"text-editor.default\">\n\t\t\t\t<div class=\"elementor-widget-container\">\n\t\t\t\t\t\t\t\t\t<p>Estamos a sua disposi\u00e7\u00e3o para melhor atende-lo.\u00a0 Nosso prop\u00f3sito \u00e9 promover o conforto t\u00e9rmico das pessoas para que elas possam viver, conviver e trabalhar melhor nos ambientes.<\/p>\t\t\t\t\t\t\t\t<\/div>\n\t\t\t\t<\/div>\n\t\t\t\t<div class=\"elementor-element elementor-element-1f85175 elementor-widget elementor-widget-text-editor\" data-id=\"1f85175\" data-element_type=\"widget\" data-e-type=\"widget\" data-widget_type=\"text-editor.default\">\n\t\t\t\t<div class=\"elementor-widget-container\">\n\t\t\t\t\t\t\t\t\t<h4>Unis SP &#8211; Showroom:<\/h4><p>Alameda Gabriel Monteiro da Silva,<\/p><p>\u00a01717 &#8211; S\u00e3o Paulo, SP<\/p><p>\u00a0(11) 4858 &#8211; 2434<\/p>\t\t\t\t\t\t\t\t<\/div>\n\t\t\t\t<\/div>\n\t\t\t\t<div class=\"elementor-element elementor-element-1212fc6 e-grid-align-left elementor-shape-rounded elementor-grid-0 elementor-widget elementor-widget-social-icons\" data-id=\"1212fc6\" data-element_type=\"widget\" data-e-type=\"widget\" data-widget_type=\"social-icons.default\">\n\t\t\t\t<div class=\"elementor-widget-container\">\n\t\t\t\t\t\t\t<div class=\"elementor-social-icons-wrapper elementor-grid\" role=\"list\">\n\t\t\t\t\t\t\t<span class=\"elementor-grid-item\" role=\"listitem\">\n\t\t\t\t\t<a class=\"elementor-icon elementor-social-icon elementor-social-icon-facebook elementor-repeater-item-ddd81a9\" target=\"_blank\">\n\t\t\t\t\t\t<span class=\"elementor-screen-only\">Facebook<\/span>\n\t\t\t\t\t\t<svg aria-hidden=\"true\" class=\"e-font-icon-svg e-fab-facebook\" viewBox=\"0 0 512 512\" xmlns=\"http:\/\/www.w3.org\/2000\/svg\"><path d=\"M504 256C504 119 393 8 256 8S8 119 8 256c0 123.78 90.69 226.38 209.25 245V327.69h-63V256h63v-54.64c0-62.15 37-96.48 93.67-96.48 27.14 0 55.52 4.84 55.52 4.84v61h-31.28c-30.8 0-40.41 19.12-40.41 38.73V256h68.78l-11 71.69h-57.78V501C413.31 482.38 504 379.78 504 256z\"><\/path><\/svg>\t\t\t\t\t<\/a>\n\t\t\t\t<\/span>\n\t\t\t\t\t\t\t<span class=\"elementor-grid-item\" role=\"listitem\">\n\t\t\t\t\t<a class=\"elementor-icon elementor-social-icon elementor-social-icon-instagram elementor-repeater-item-3b9b481\" target=\"_blank\">\n\t\t\t\t\t\t<span class=\"elementor-screen-only\">Instagram<\/span>\n\t\t\t\t\t\t<svg aria-hidden=\"true\" class=\"e-font-icon-svg e-fab-instagram\" viewBox=\"0 0 448 512\" xmlns=\"http:\/\/www.w3.org\/2000\/svg\"><path d=\"M224.1 141c-63.6 0-114.9 51.3-114.9 114.9s51.3 114.9 114.9 114.9S339 319.5 339 255.9 287.7 141 224.1 141zm0 189.6c-41.1 0-74.7-33.5-74.7-74.7s33.5-74.7 74.7-74.7 74.7 33.5 74.7 74.7-33.6 74.7-74.7 74.7zm146.4-194.3c0 14.9-12 26.8-26.8 26.8-14.9 0-26.8-12-26.8-26.8s12-26.8 26.8-26.8 26.8 12 26.8 26.8zm76.1 27.2c-1.7-35.9-9.9-67.7-36.2-93.9-26.2-26.2-58-34.4-93.9-36.2-37-2.1-147.9-2.1-184.9 0-35.8 1.7-67.6 9.9-93.9 36.1s-34.4 58-36.2 93.9c-2.1 37-2.1 147.9 0 184.9 1.7 35.9 9.9 67.7 36.2 93.9s58 34.4 93.9 36.2c37 2.1 147.9 2.1 184.9 0 35.9-1.7 67.7-9.9 93.9-36.2 26.2-26.2 34.4-58 36.2-93.9 2.1-37 2.1-147.8 0-184.8zM398.8 388c-7.8 19.6-22.9 34.7-42.6 42.6-29.5 11.7-99.5 9-132.1 9s-102.7 2.6-132.1-9c-19.6-7.8-34.7-22.9-42.6-42.6-11.7-29.5-9-99.5-9-132.1s-2.6-102.7 9-132.1c7.8-19.6 22.9-34.7 42.6-42.6 29.5-11.7 99.5-9 132.1-9s102.7-2.6 132.1 9c19.6 7.8 34.7 22.9 42.6 42.6 11.7 29.5 9 99.5 9 132.1s2.7 102.7-9 132.1z\"><\/path><\/svg>\t\t\t\t\t<\/a>\n\t\t\t\t<\/span>\n\t\t\t\t\t\t\t<span class=\"elementor-grid-item\" role=\"listitem\">\n\t\t\t\t\t<a class=\"elementor-icon elementor-social-icon elementor-social-icon-linkedin elementor-repeater-item-21007b8\" target=\"_blank\">\n\t\t\t\t\t\t<span class=\"elementor-screen-only\">Linkedin<\/span>\n\t\t\t\t\t\t<svg aria-hidden=\"true\" class=\"e-font-icon-svg e-fab-linkedin\" viewBox=\"0 0 448 512\" xmlns=\"http:\/\/www.w3.org\/2000\/svg\"><path d=\"M416 32H31.9C14.3 32 0 46.5 0 64.3v383.4C0 465.5 14.3 480 31.9 480H416c17.6 0 32-14.5 32-32.3V64.3c0-17.8-14.4-32.3-32-32.3zM135.4 416H69V202.2h66.5V416zm-33.2-243c-21.3 0-38.5-17.3-38.5-38.5S80.9 96 102.2 96c21.2 0 38.5 17.3 38.5 38.5 0 21.3-17.2 38.5-38.5 38.5zm282.1 243h-66.4V312c0-24.8-.5-56.7-34.5-56.7-34.6 0-39.9 27-39.9 54.9V416h-66.4V202.2h63.7v29.2h.9c8.9-16.8 30.6-34.5 62.9-34.5 67.2 0 79.7 44.3 79.7 101.9V416z\"><\/path><\/svg>\t\t\t\t\t<\/a>\n\t\t\t\t<\/span>\n\t\t\t\t\t\t\t<span class=\"elementor-grid-item\" role=\"listitem\">\n\t\t\t\t\t<a class=\"elementor-icon elementor-social-icon elementor-social-icon-whatsapp elementor-repeater-item-12902b6\" target=\"_blank\">\n\t\t\t\t\t\t<span class=\"elementor-screen-only\">Whatsapp<\/span>\n\t\t\t\t\t\t<svg aria-hidden=\"true\" class=\"e-font-icon-svg e-fab-whatsapp\" viewBox=\"0 0 448 512\" xmlns=\"http:\/\/www.w3.org\/2000\/svg\"><path d=\"M380.9 97.1C339 55.1 283.2 32 223.9 32c-122.4 0-222 99.6-222 222 0 39.1 10.2 77.3 29.6 111L0 480l117.7-30.9c32.4 17.7 68.9 27 106.1 27h.1c122.3 0 224.1-99.6 224.1-222 0-59.3-25.2-115-67.1-157zm-157 341.6c-33.2 0-65.7-8.9-94-25.7l-6.7-4-69.8 18.3L72 359.2l-4.4-7c-18.5-29.4-28.2-63.3-28.2-98.2 0-101.7 82.8-184.5 184.6-184.5 49.3 0 95.6 19.2 130.4 54.1 34.8 34.9 56.2 81.2 56.1 130.5 0 101.8-84.9 184.6-186.6 184.6zm101.2-138.2c-5.5-2.8-32.8-16.2-37.9-18-5.1-1.9-8.8-2.8-12.5 2.8-3.7 5.6-14.3 18-17.6 21.8-3.2 3.7-6.5 4.2-12 1.4-32.6-16.3-54-29.1-75.5-66-5.7-9.8 5.7-9.1 16.3-30.3 1.8-3.7.9-6.9-.5-9.7-1.4-2.8-12.5-30.1-17.1-41.2-4.5-10.8-9.1-9.3-12.5-9.5-3.2-.2-6.9-.2-10.6-.2-3.7 0-9.7 1.4-14.8 6.9-5.1 5.6-19.4 19-19.4 46.3 0 27.3 19.9 53.7 22.6 57.4 2.8 3.7 39.1 59.7 94.8 83.8 35.2 15.2 49 16.5 66.6 13.9 10.7-1.6 32.8-13.4 37.4-26.4 4.6-13 4.6-24.1 3.2-26.4-1.3-2.5-5-3.9-10.5-6.6z\"><\/path><\/svg>\t\t\t\t\t<\/a>\n\t\t\t\t<\/span>\n\t\t\t\t\t<\/div>\n\t\t\t\t\t\t<\/div>\n\t\t\t\t<\/div>\n\t\t\t\t\t<\/div>\n\t\t<\/div>\n\t\t\t\t<div class=\"elementor-column elementor-col-50 elementor-inner-column elementor-element elementor-element-c5c79f0\" data-id=\"c5c79f0\" data-element_type=\"column\" data-e-type=\"column\">\n\t\t\t<div class=\"elementor-widget-wrap elementor-element-populated\">\n\t\t\t\t\t\t<div class=\"elementor-element elementor-element-56389a8 elementor-widget elementor-widget-image\" data-id=\"56389a8\" data-element_type=\"widget\" data-e-type=\"widget\" data-widget_type=\"image.default\">\n\t\t\t\t<div class=\"elementor-widget-container\">\n\t\t\t\t\t\t\t\t\t\t\t\t\t\t\t<img fetchpriority=\"high\" decoding=\"async\" width=\"769\" height=\"1024\" src=\"https:\/\/bonshop.com.br\/testes\/wp-content\/uploads\/2022\/09\/unis-contato-769x1024.png\" class=\"attachment-large size-large wp-image-499\" alt=\"\" srcset=\"https:\/\/bonshop.com.br\/testes\/wp-content\/uploads\/2022\/09\/unis-contato-769x1024.png 769w, https:\/\/bonshop.com.br\/testes\/wp-content\/uploads\/2022\/09\/unis-contato-225x300.png 225w, https:\/\/bonshop.com.br\/testes\/wp-content\/uploads\/2022\/09\/unis-contato-768x1023.png 768w, https:\/\/bonshop.com.br\/testes\/wp-content\/uploads\/2022\/09\/unis-contato-110x146.png 110w, https:\/\/bonshop.com.br\/testes\/wp-content\/uploads\/2022\/09\/unis-contato-38x50.png 38w, https:\/\/bonshop.com.br\/testes\/wp-content\/uploads\/2022\/09\/unis-contato-56x75.png 56w, https:\/\/bonshop.com.br\/testes\/wp-content\/uploads\/2022\/09\/unis-contato.png 780w\" sizes=\"(max-width:767px) 480px, (max-width:769px) 100vw, 769px\" \/>\t\t\t\t\t\t\t\t\t\t\t\t\t\t\t<\/div>\n\t\t\t\t<\/div>\n\t\t\t\t\t<\/div>\n\t\t<\/div>\n\t\t\t\t\t<\/div>\n\t\t<\/section>\n\t\t\t\t\t<\/div>\n\t\t<\/div>\n\t\t\t\t\t<\/div>\n\t\t<\/section>\n\t\t\t\t<section data-particle_enable=\"false\" data-particle-mobile-disabled=\"false\" class=\"elementor-section elementor-top-section elementor-element elementor-element-92d969d elementor-section-stretched elementor-section-boxed elementor-section-height-default elementor-section-height-default\" data-id=\"92d969d\" data-element_type=\"section\" data-e-type=\"section\" data-settings=\"{&quot;stretch_section&quot;:&quot;section-stretched&quot;,&quot;background_background&quot;:&quot;classic&quot;}\">\n\t\t\t\t\t\t<div class=\"elementor-container elementor-column-gap-wider\">\n\t\t\t\t\t<div class=\"elementor-column elementor-col-100 elementor-top-column elementor-element elementor-element-908f57b\" data-id=\"908f57b\" data-element_type=\"column\" data-e-type=\"column\">\n\t\t\t<div class=\"elementor-widget-wrap elementor-element-populated\">\n\t\t\t\t\t\t<section data-particle_enable=\"false\" data-particle-mobile-disabled=\"false\" class=\"elementor-section elementor-inner-section elementor-element elementor-element-9568d52 elementor-section-boxed elementor-section-height-default elementor-section-height-default\" data-id=\"9568d52\" data-element_type=\"section\" data-e-type=\"section\">\n\t\t\t\t\t\t<div class=\"elementor-container elementor-column-gap-default\">\n\t\t\t\t\t<div class=\"elementor-column elementor-col-100 elementor-inner-column elementor-element elementor-element-2caf1e5\" data-id=\"2caf1e5\" data-element_type=\"column\" data-e-type=\"column\">\n\t\t\t<div class=\"elementor-widget-wrap elementor-element-populated\">\n\t\t\t\t\t\t<div class=\"elementor-element elementor-element-3b75250 elementor-widget elementor-widget-text-editor\" data-id=\"3b75250\" data-element_type=\"widget\" data-e-type=\"widget\" data-widget_type=\"text-editor.default\">\n\t\t\t\t<div class=\"elementor-widget-container\">\n\t\t\t\t\t\t\t\t\t<h3><span style=\"color: #ffffff;\">Deixe uma <span style=\"box-shadow: inset 0px -10px 0px 0px #ff191d;\">MENSAGEM<\/span><\/span><\/h3>\t\t\t\t\t\t\t\t<\/div>\n\t\t\t\t<\/div>\n\t\t\t\t<div class=\"elementor-element elementor-element-6662de1 elementor-widget elementor-widget-shortcode\" data-id=\"6662de1\" data-element_type=\"widget\" data-e-type=\"widget\" data-widget_type=\"shortcode.default\">\n\t\t\t\t<div class=\"elementor-widget-container\">\n\t\t\t\t\t\t\t<div class=\"elementor-shortcode\"><div class=\"wpforms-container wpforms-container-full\" id=\"wpforms-471\"><form id=\"wpforms-form-471\" class=\"wpforms-validate wpforms-form wpforms-ajax-form\" data-formid=\"471\" method=\"post\" enctype=\"multipart\/form-data\" action=\"\/testes\/wp-json\/wp\/v2\/pages\/18\" data-token=\"9ad822775431c13cef8837fad3cbc756\"><noscript class=\"wpforms-error-noscript\">Ative o JavaScript no seu navegador para preencher este formul\u00e1rio.<\/noscript><div class=\"wpforms-field-container\"><div id=\"wpforms-471-field_0-container\" class=\"wpforms-field wpforms-field-name\" data-field-id=\"0\"><label class=\"wpforms-field-label wpforms-label-hide\" for=\"wpforms-471-field_0\">Nome <span class=\"wpforms-required-label\">*<\/span><\/label><input type=\"text\" id=\"wpforms-471-field_0\" class=\"wpforms-field-large wpforms-field-required\" name=\"wpforms[fields][0]\" placeholder=\"Nome\" required><\/div><div id=\"wpforms-471-field_1-container\" class=\"wpforms-field wpforms-field-email\" data-field-id=\"1\"><label class=\"wpforms-field-label wpforms-label-hide\" for=\"wpforms-471-field_1\">E-mail <span class=\"wpforms-required-label\">*<\/span><\/label><input type=\"email\" id=\"wpforms-471-field_1\" class=\"wpforms-field-large wpforms-field-required\" name=\"wpforms[fields][1]\" placeholder=\"E-mail\" required><\/div><div id=\"wpforms-471-field_3-container\" class=\"wpforms-field wpforms-field-text\" data-field-id=\"3\"><label class=\"wpforms-field-label wpforms-label-hide\" for=\"wpforms-471-field_3\">Telefone <span class=\"wpforms-required-label\">*<\/span><\/label><input type=\"text\" id=\"wpforms-471-field_3\" class=\"wpforms-field-large wpforms-field-required wpforms-masked-input\" data-rule-inputmask-incomplete=\"1\" data-inputmask-mask=\"(99) 99999-9999\" name=\"wpforms[fields][3]\" value=\"Telefone\" placeholder=\"Telefone\" required><\/div><div id=\"wpforms-471-field_2-container\" class=\"wpforms-field wpforms-field-textarea\" data-field-id=\"2\"><label class=\"wpforms-field-label wpforms-label-hide\" for=\"wpforms-471-field_2\">Coment\u00e1rio ou Mensagem<\/label><textarea id=\"wpforms-471-field_2\" class=\"wpforms-field-medium\" name=\"wpforms[fields][2]\" >Mensagem<\/textarea><\/div><div id=\"wpforms-471-field_4-container\" class=\"wpforms-field wpforms-field-html\" data-field-id=\"4\"><div id=\"wpforms-471-field_4\">Este site \u00e9 protegido pelo reCAPTCHA e pelo Google\r\n    <a href=\"https:\/\/policies.google.com\/privacy\" target=\"_blank\">Pol\u00edtica de Privacidade<\/a> e\r\n    <a href=\"https:\/\/policies.google.com\/terms\" target=\"_blank\">Termos de servi\u00e7o<\/a> se aplicam.<\/div><\/div><\/div><input type=\"hidden\" name=\"wpforms[recaptcha]\" value=\"\"><div class=\"wpforms-submit-container\"><input type=\"hidden\" name=\"wpforms[id]\" value=\"471\"><input type=\"hidden\" name=\"wpforms[author]\" value=\"1\"><button type=\"submit\" name=\"wpforms[submit]\" id=\"wpforms-submit-471\" class=\"wpforms-submit\" data-alt-text=\"Enviando...\" data-submit-text=\"Enviar\" aria-live=\"assertive\" value=\"wpforms-submit\">Enviar<\/button><img decoding=\"async\" src=\"https:\/\/bonshop.com.br\/testes\/wp-content\/plugins\/wpforms\/assets\/images\/submit-spin.svg\" class=\"wpforms-submit-spinner\" style=\"display: none;\" width=\"26\" height=\"26\" alt=\"Carregando\"><\/div><\/form><\/div>  <!-- .wpforms-container -->\t<\/div>\n\t\t\t\t\t\t<\/div>\n\t\t\t\t<\/div>\n\t\t\t\t\t<\/div>\n\t\t<\/div>\n\t\t\t\t\t<\/div>\n\t\t<\/section>\n\t\t\t\t<div class=\"elementor-element elementor-element-cc024ce elementor-align-center elementor-mobile-align-justify elementor-hidden-desktop elementor-hidden-tablet elementor-hidden-mobile elementor-widget elementor-widget-button\" data-id=\"cc024ce\" data-element_type=\"widget\" data-e-type=\"widget\" data-widget_type=\"button.default\">\n\t\t\t\t<div class=\"elementor-widget-container\">\n\t\t\t\t\t\t\t\t\t<div class=\"elementor-button-wrapper\">\n\t\t\t\t\t<a class=\"elementor-button elementor-button-link elementor-size-sm\" href=\"#elementor-action%3Aaction%3Dpopup%3Aopen%26settings%3DeyJpZCI6Ijg3NSIsInRvZ2dsZSI6ZmFsc2V9\">\n\t\t\t\t\t\t<span class=\"elementor-button-content-wrapper\">\n\t\t\t\t\t\t\t\t\t<span class=\"elementor-button-text\">Venha nos visitar<\/span>\n\t\t\t\t\t<\/span>\n\t\t\t\t\t<\/a>\n\t\t\t\t<\/div>\n\t\t\t\t\t\t\t\t<\/div>\n\t\t\t\t<\/div>\n\t\t\t\t\t<\/div>\n\t\t<\/div>\n\t\t\t\t\t<\/div>\n\t\t<\/section>\n\t\t\t\t<\/div>\n\t\t","protected":false},"excerpt":{"rendered":"<p>Fale com a&nbsp;UNIS Tem alguma\u00a0D\u00daVIDA? Estamos a sua disposi\u00e7\u00e3o para melhor atende-lo.\u00a0 Nosso prop\u00f3sito \u00e9 promover o conforto t\u00e9rmico das pessoas para que elas possam viver,<span class=\"excerpt-hellip\"> [\u2026]<\/span><\/p>\n","protected":false},"author":1,"featured_media":0,"parent":0,"menu_order":0,"comment_status":"closed","ping_status":"closed","template":"","meta":{"_joinchat":[],"footnotes":""},"class_list":["post-18","page","type-page","status-publish","hentry"],"yoast_head":"<!-- This site is optimized with the Yoast SEO Premium plugin v24.1 (Yoast SEO v27.4) - https:\/\/yoast.com\/product\/yoast-seo-premium-wordpress\/ -->\n<title>Contato - Bonshop - O seu melhor parceiro<\/title>\n<meta name=\"robots\" content=\"index, follow, max-snippet:-1, max-image-preview:large, max-video-preview:-1\" \/>\n<meta property=\"og:locale\" content=\"pt_BR\" \/>\n<meta property=\"og:type\" content=\"article\" \/>\n<meta property=\"og:title\" content=\"Contato\" \/>\n<meta property=\"og:description\" content=\"Fale com a&nbsp;UNIS Tem alguma\u00a0D\u00daVIDA? Estamos a sua disposi\u00e7\u00e3o para melhor atende-lo.\u00a0 Nosso prop\u00f3sito \u00e9 promover o conforto t\u00e9rmico das pessoas para que elas possam viver, [\u2026]\" \/>\n<meta property=\"og:url\" content=\"https:\/\/bonshop.com.br\/testes\/contato\/\" \/>\n<meta property=\"og:site_name\" content=\"Bonshop - O seu melhor parceiro\" \/>\n<meta property=\"article:publisher\" content=\"https:\/\/www.facebook.com\/unisarcondicionado1\" \/>\n<meta property=\"article:modified_time\" content=\"2022-09-12T21:29:53+00:00\" \/>\n<meta property=\"og:image\" content=\"https:\/\/bonshop.com.br\/testes\/wp-content\/uploads\/2022\/09\/unis-contato-769x1024.png\" \/>\n<meta name=\"twitter:card\" content=\"summary_large_image\" \/>\n<script type=\"application\/ld+json\" class=\"yoast-schema-graph\">{\"@context\":\"https:\\\/\\\/schema.org\",\"@graph\":[{\"@type\":\"WebPage\",\"@id\":\"https:\\\/\\\/bonshop.com.br\\\/testes\\\/contato\\\/\",\"url\":\"https:\\\/\\\/bonshop.com.br\\\/testes\\\/contato\\\/\",\"name\":\"Contato - Bonshop - O seu melhor parceiro\",\"isPartOf\":{\"@id\":\"https:\\\/\\\/bonshop.com.br\\\/testes\\\/#website\"},\"primaryImageOfPage\":{\"@id\":\"https:\\\/\\\/bonshop.com.br\\\/testes\\\/contato\\\/#primaryimage\"},\"image\":{\"@id\":\"https:\\\/\\\/bonshop.com.br\\\/testes\\\/contato\\\/#primaryimage\"},\"thumbnailUrl\":\"https:\\\/\\\/bonshop.com.br\\\/testes\\\/wp-content\\\/uploads\\\/2022\\\/09\\\/unis-contato-769x1024.png\",\"datePublished\":\"2019-07-26T15:00:22+00:00\",\"dateModified\":\"2022-09-12T21:29:53+00:00\",\"breadcrumb\":{\"@id\":\"https:\\\/\\\/bonshop.com.br\\\/testes\\\/contato\\\/#breadcrumb\"},\"inLanguage\":\"pt-BR\",\"potentialAction\":[{\"@type\":\"ReadAction\",\"target\":[\"https:\\\/\\\/bonshop.com.br\\\/testes\\\/contato\\\/\"]}]},{\"@type\":\"ImageObject\",\"inLanguage\":\"pt-BR\",\"@id\":\"https:\\\/\\\/bonshop.com.br\\\/testes\\\/contato\\\/#primaryimage\",\"url\":\"https:\\\/\\\/bonshop.com.br\\\/testes\\\/wp-content\\\/uploads\\\/2022\\\/09\\\/unis-contato.png\",\"contentUrl\":\"https:\\\/\\\/bonshop.com.br\\\/testes\\\/wp-content\\\/uploads\\\/2022\\\/09\\\/unis-contato.png\",\"width\":780,\"height\":1039},{\"@type\":\"BreadcrumbList\",\"@id\":\"https:\\\/\\\/bonshop.com.br\\\/testes\\\/contato\\\/#breadcrumb\",\"itemListElement\":[{\"@type\":\"ListItem\",\"position\":1,\"name\":\"In\u00edcio\",\"item\":\"https:\\\/\\\/bonshop.com.br\\\/testes\\\/\"},{\"@type\":\"ListItem\",\"position\":2,\"name\":\"Contato\"}]},{\"@type\":\"WebSite\",\"@id\":\"https:\\\/\\\/bonshop.com.br\\\/testes\\\/#website\",\"url\":\"https:\\\/\\\/bonshop.com.br\\\/testes\\\/\",\"name\":\"Bonshop - O seu melhor parceiro\",\"description\":\"Ar-condicionado\",\"publisher\":{\"@id\":\"https:\\\/\\\/bonshop.com.br\\\/testes\\\/#organization\"},\"potentialAction\":[{\"@type\":\"SearchAction\",\"target\":{\"@type\":\"EntryPoint\",\"urlTemplate\":\"https:\\\/\\\/bonshop.com.br\\\/testes\\\/?s={search_term_string}\"},\"query-input\":{\"@type\":\"PropertyValueSpecification\",\"valueRequired\":true,\"valueName\":\"search_term_string\"}}],\"inLanguage\":\"pt-BR\"},{\"@type\":\"Organization\",\"@id\":\"https:\\\/\\\/bonshop.com.br\\\/testes\\\/#organization\",\"name\":\"Bonshop - O seu melhor parceiro\",\"url\":\"https:\\\/\\\/bonshop.com.br\\\/testes\\\/\",\"logo\":{\"@type\":\"ImageObject\",\"inLanguage\":\"pt-BR\",\"@id\":\"https:\\\/\\\/bonshop.com.br\\\/testes\\\/#\\\/schema\\\/logo\\\/image\\\/\",\"url\":\"https:\\\/\\\/bonshop.com.br\\\/testes\\\/wp-content\\\/uploads\\\/2022\\\/08\\\/logo-unis-retina.png\",\"contentUrl\":\"https:\\\/\\\/bonshop.com.br\\\/testes\\\/wp-content\\\/uploads\\\/2022\\\/08\\\/logo-unis-retina.png\",\"width\":394,\"height\":110,\"caption\":\"Bonshop - O seu melhor parceiro\"},\"image\":{\"@id\":\"https:\\\/\\\/bonshop.com.br\\\/testes\\\/#\\\/schema\\\/logo\\\/image\\\/\"},\"sameAs\":[\"https:\\\/\\\/www.facebook.com\\\/unisarcondicionado1\",\"https:\\\/\\\/www.instagram.com\\\/unisarcondicionado\\\/\"]}]}<\/script>\n<!-- \/ Yoast SEO Premium plugin. -->","yoast_head_json":{"title":"Contato - Bonshop - O seu melhor parceiro","robots":{"index":"index","follow":"follow","max-snippet":"max-snippet:-1","max-image-preview":"max-image-preview:large","max-video-preview":"max-video-preview:-1"},"og_locale":"pt_BR","og_type":"article","og_title":"Contato","og_description":"Fale com a&nbsp;UNIS Tem alguma\u00a0D\u00daVIDA? Estamos a sua disposi\u00e7\u00e3o para melhor atende-lo.\u00a0 Nosso prop\u00f3sito \u00e9 promover o conforto t\u00e9rmico das pessoas para que elas possam viver, [\u2026]","og_url":"https:\/\/bonshop.com.br\/testes\/contato\/","og_site_name":"Bonshop - O seu melhor parceiro","article_publisher":"https:\/\/www.facebook.com\/unisarcondicionado1","article_modified_time":"2022-09-12T21:29:53+00:00","og_image":[{"url":"https:\/\/bonshop.com.br\/testes\/wp-content\/uploads\/2022\/09\/unis-contato-769x1024.png","type":"","width":"","height":""}],"twitter_card":"summary_large_image","schema":{"@context":"https:\/\/schema.org","@graph":[{"@type":"WebPage","@id":"https:\/\/bonshop.com.br\/testes\/contato\/","url":"https:\/\/bonshop.com.br\/testes\/contato\/","name":"Contato - Bonshop - O seu melhor parceiro","isPartOf":{"@id":"https:\/\/bonshop.com.br\/testes\/#website"},"primaryImageOfPage":{"@id":"https:\/\/bonshop.com.br\/testes\/contato\/#primaryimage"},"image":{"@id":"https:\/\/bonshop.com.br\/testes\/contato\/#primaryimage"},"thumbnailUrl":"https:\/\/bonshop.com.br\/testes\/wp-content\/uploads\/2022\/09\/unis-contato-769x1024.png","datePublished":"2019-07-26T15:00:22+00:00","dateModified":"2022-09-12T21:29:53+00:00","breadcrumb":{"@id":"https:\/\/bonshop.com.br\/testes\/contato\/#breadcrumb"},"inLanguage":"pt-BR","potentialAction":[{"@type":"ReadAction","target":["https:\/\/bonshop.com.br\/testes\/contato\/"]}]},{"@type":"ImageObject","inLanguage":"pt-BR","@id":"https:\/\/bonshop.com.br\/testes\/contato\/#primaryimage","url":"https:\/\/bonshop.com.br\/testes\/wp-content\/uploads\/2022\/09\/unis-contato.png","contentUrl":"https:\/\/bonshop.com.br\/testes\/wp-content\/uploads\/2022\/09\/unis-contato.png","width":780,"height":1039},{"@type":"BreadcrumbList","@id":"https:\/\/bonshop.com.br\/testes\/contato\/#breadcrumb","itemListElement":[{"@type":"ListItem","position":1,"name":"In\u00edcio","item":"https:\/\/bonshop.com.br\/testes\/"},{"@type":"ListItem","position":2,"name":"Contato"}]},{"@type":"WebSite","@id":"https:\/\/bonshop.com.br\/testes\/#website","url":"https:\/\/bonshop.com.br\/testes\/","name":"Bonshop - O seu melhor parceiro","description":"Ar-condicionado","publisher":{"@id":"https:\/\/bonshop.com.br\/testes\/#organization"},"potentialAction":[{"@type":"SearchAction","target":{"@type":"EntryPoint","urlTemplate":"https:\/\/bonshop.com.br\/testes\/?s={search_term_string}"},"query-input":{"@type":"PropertyValueSpecification","valueRequired":true,"valueName":"search_term_string"}}],"inLanguage":"pt-BR"},{"@type":"Organization","@id":"https:\/\/bonshop.com.br\/testes\/#organization","name":"Bonshop - O seu melhor parceiro","url":"https:\/\/bonshop.com.br\/testes\/","logo":{"@type":"ImageObject","inLanguage":"pt-BR","@id":"https:\/\/bonshop.com.br\/testes\/#\/schema\/logo\/image\/","url":"https:\/\/bonshop.com.br\/testes\/wp-content\/uploads\/2022\/08\/logo-unis-retina.png","contentUrl":"https:\/\/bonshop.com.br\/testes\/wp-content\/uploads\/2022\/08\/logo-unis-retina.png","width":394,"height":110,"caption":"Bonshop - O seu melhor parceiro"},"image":{"@id":"https:\/\/bonshop.com.br\/testes\/#\/schema\/logo\/image\/"},"sameAs":["https:\/\/www.facebook.com\/unisarcondicionado1","https:\/\/www.instagram.com\/unisarcondicionado\/"]}]}},"_links":{"self":[{"href":"https:\/\/bonshop.com.br\/testes\/wp-json\/wp\/v2\/pages\/18","targetHints":{"allow":["GET"]}}],"collection":[{"href":"https:\/\/bonshop.com.br\/testes\/wp-json\/wp\/v2\/pages"}],"about":[{"href":"https:\/\/bonshop.com.br\/testes\/wp-json\/wp\/v2\/types\/page"}],"author":[{"embeddable":true,"href":"https:\/\/bonshop.com.br\/testes\/wp-json\/wp\/v2\/users\/1"}],"replies":[{"embeddable":true,"href":"https:\/\/bonshop.com.br\/testes\/wp-json\/wp\/v2\/comments?post=18"}],"version-history":[{"count":17,"href":"https:\/\/bonshop.com.br\/testes\/wp-json\/wp\/v2\/pages\/18\/revisions"}],"predecessor-version":[{"id":1156,"href":"https:\/\/bonshop.com.br\/testes\/wp-json\/wp\/v2\/pages\/18\/revisions\/1156"}],"wp:attachment":[{"href":"https:\/\/bonshop.com.br\/testes\/wp-json\/wp\/v2\/media?parent=18"}],"curies":[{"name":"wp","href":"https:\/\/api.w.org\/{rel}","templated":true}]}}